{"id":1038,"date":"2021-11-18T13:01:32","date_gmt":"2021-11-18T13:01:32","guid":{"rendered":"https:\/\/ffqibmskv.preview.infomaniak.website\/?page_id=1038"},"modified":"2024-11-25T12:42:02","modified_gmt":"2024-11-25T12:42:02","slug":"leman-rose","status":"publish","type":"page","link":"https:\/\/perennial.ch\/en\/leman-rose\/","title":{"rendered":"Discover the challenge here"},"content":{"rendered":"<div data-elementor-type=\"wp-page\" data-elementor-id=\"1038\" class=\"elementor elementor-1038\" data-elementor-post-type=\"page\">\n\t\t\t\t\t\t<section class=\"elementor-section elementor-top-section elementor-element elementor-element-b5f24dd elementor-section-full_width elementor-section-height-default elementor-section-height-default\" data-id=\"b5f24dd\" data-element_type=\"section\" data-e-type=\"section\" data-settings=\"{&quot;background_background&quot;:&quot;classic&quot;}\">\n\t\t\t\t\t\t\t<div class=\"elementor-background-overlay\"><\/div>\n\t\t\t\t\t\t\t<div class=\"elementor-container elementor-column-gap-no\">\n\t\t\t\t\t<div class=\"elementor-column elementor-col-100 elementor-top-column elementor-element elementor-element-ac3d986\" data-id=\"ac3d986\" data-element_type=\"column\" data-e-type=\"column\">\n\t\t\t<div class=\"elementor-widget-wrap elementor-element-populated\">\n\t\t\t\t\t\t<div class=\"elementor-element elementor-element-2beb706 elementor-widget elementor-widget-heading\" data-id=\"2beb706\" data-element_type=\"widget\" data-e-type=\"widget\" data-widget_type=\"heading.default\">\n\t\t\t\t\t<h2 class=\"elementor-heading-title elementor-size-default\">Le L\u00e9man en Rose <\/br>(160 kms rowing against breast cancer)<\/h2>\t\t\t\t<\/div>\n\t\t\t\t\t<\/div>\n\t\t<\/div>\n\t\t\t\t\t<\/div>\n\t\t<\/section>\n\t\t\t\t<section class=\"elementor-section elementor-top-section elementor-element elementor-element-398ab67 elementor-section-stretched elementor-section-boxed elementor-section-height-default elementor-section-height-default\" data-id=\"398ab67\" data-element_type=\"section\" data-e-type=\"section\" data-settings=\"{&quot;stretch_section&quot;:&quot;section-stretched&quot;}\">\n\t\t\t\t\t\t<div class=\"elementor-container elementor-column-gap-no\">\n\t\t\t\t\t<div class=\"elementor-column elementor-col-100 elementor-top-column elementor-element elementor-element-86c108b\" data-id=\"86c108b\" data-element_type=\"column\" data-e-type=\"column\">\n\t\t\t<div class=\"elementor-widget-wrap elementor-element-populated\">\n\t\t\t\t\t\t<div class=\"elementor-element elementor-element-291d212 elementor-widget elementor-widget-heading\" data-id=\"291d212\" data-element_type=\"widget\" data-e-type=\"widget\" data-widget_type=\"heading.default\">\n\t\t\t\t\t<h2 class=\"elementor-heading-title elementor-size-default\">LE LEMAN EN ROSE PROJECT<\/h2>\t\t\t\t<\/div>\n\t\t\t\t<div class=\"elementor-element elementor-element-ca2dfe7 elementor-widget-divider--view-line elementor-widget elementor-widget-divider\" data-id=\"ca2dfe7\" data-element_type=\"widget\" data-e-type=\"widget\" data-widget_type=\"divider.default\">\n\t\t\t\t\t\t\t<div class=\"elementor-divider\">\n\t\t\t<span class=\"elementor-divider-separator\">\n\t\t\t\t\t\t<\/span>\n\t\t<\/div>\n\t\t\t\t\t\t<\/div>\n\t\t\t\t<div class=\"elementor-element elementor-element-c68353b elementor-widget elementor-widget-heading\" data-id=\"c68353b\" data-element_type=\"widget\" data-e-type=\"widget\" data-widget_type=\"heading.default\">\n\t\t\t\t\t<h3 class=\"elementor-heading-title elementor-size-default\">Let's support women with breast cancer with adapted sports coaching!<\/h3>\t\t\t\t<\/div>\n\t\t\t\t<div class=\"elementor-element elementor-element-e066b60 elementor-align-center elementor-widget elementor-widget-button\" data-id=\"e066b60\" data-element_type=\"widget\" data-e-type=\"widget\" data-widget_type=\"button.default\">\n\t\t\t\t\t\t\t\t\t\t<a class=\"elementor-button elementor-button-link elementor-size-md elementor-animation-shrink\" href=\"#\">\n\t\t\t\t\t\t<span class=\"elementor-button-content-wrapper\">\n\t\t\t\t\t\t\t\t\t<span class=\"elementor-button-text\">Website<\/span>\n\t\t\t\t\t<\/span>\n\t\t\t\t\t<\/a>\n\t\t\t\t\t\t\t\t<\/div>\n\t\t\t\t\t<\/div>\n\t\t<\/div>\n\t\t\t\t\t<\/div>\n\t\t<\/section>\n\t\t\t\t<section class=\"elementor-section elementor-top-section elementor-element elementor-element-4281e64 elementor-section-stretched elementor-section-boxed elementor-section-height-default elementor-section-height-default\" data-id=\"4281e64\" data-element_type=\"section\" data-e-type=\"section\" data-settings=\"{&quot;stretch_section&quot;:&quot;section-stretched&quot;}\">\n\t\t\t\t\t\t<div class=\"elementor-container elementor-column-gap-no\">\n\t\t\t\t\t<div class=\"elementor-column elementor-col-100 elementor-top-column elementor-element elementor-element-8bc54bd\" data-id=\"8bc54bd\" data-element_type=\"column\" data-e-type=\"column\">\n\t\t\t<div class=\"elementor-widget-wrap\">\n\t\t\t\t\t\t\t<\/div>\n\t\t<\/div>\n\t\t\t\t\t<\/div>\n\t\t<\/section>\n\t\t\t\t<section class=\"elementor-section elementor-top-section elementor-element elementor-element-3621696 elementor-section-stretched elementor-section-boxed elementor-section-height-default elementor-section-height-default\" data-id=\"3621696\" data-element_type=\"section\" data-e-type=\"section\" data-settings=\"{&quot;stretch_section&quot;:&quot;section-stretched&quot;}\">\n\t\t\t\t\t\t<div class=\"elementor-container elementor-column-gap-no\">\n\t\t\t\t\t<div class=\"elementor-column elementor-col-100 elementor-top-column elementor-element elementor-element-7229ee1\" data-id=\"7229ee1\" data-element_type=\"column\" data-e-type=\"column\">\n\t\t\t<div class=\"elementor-widget-wrap elementor-element-populated\">\n\t\t\t\t\t\t<div class=\"elementor-element elementor-element-3e4c82f elementor-widget elementor-widget-heading\" data-id=\"3e4c82f\" data-element_type=\"widget\" data-e-type=\"widget\" data-widget_type=\"heading.default\">\n\t\t\t\t\t<h2 class=\"elementor-heading-title elementor-size-default\">We are proud to sponsor this event !<\/h2>\t\t\t\t<\/div>\n\t\t\t\t<div class=\"elementor-element elementor-element-01e3b49 elementor-widget elementor-widget-video\" data-id=\"01e3b49\" data-element_type=\"widget\" data-e-type=\"widget\" data-settings=\"{&quot;youtube_url&quot;:&quot;https:\\\/\\\/youtu.be\\\/CjZrjaTfBy4&quot;,&quot;video_type&quot;:&quot;youtube&quot;,&quot;controls&quot;:&quot;yes&quot;}\" data-widget_type=\"video.default\">\n\t\t\t\t\t\t\t<div class=\"elementor-wrapper elementor-open-inline\">\n\t\t\t<div class=\"elementor-video\"><\/div>\t\t<\/div>\n\t\t\t\t\t\t<\/div>\n\t\t\t\t<section class=\"elementor-section elementor-inner-section elementor-element elementor-element-d1478b0 elementor-reverse-mobile elementor-section-boxed elementor-section-height-default elementor-section-height-default\" data-id=\"d1478b0\" data-element_type=\"section\" data-e-type=\"section\">\n\t\t\t\t\t\t<div class=\"elementor-container elementor-column-gap-default\">\n\t\t\t\t\t<div class=\"elementor-column elementor-col-50 elementor-inner-column elementor-element elementor-element-8212778\" data-id=\"8212778\" data-element_type=\"column\" data-e-type=\"column\">\n\t\t\t<div class=\"elementor-widget-wrap elementor-element-populated\">\n\t\t\t\t\t\t<div class=\"elementor-element elementor-element-1808adc elementor-widget elementor-widget-heading\" data-id=\"1808adc\" data-element_type=\"widget\" data-e-type=\"widget\" data-widget_type=\"heading.default\">\n\t\t\t\t\t<h3 class=\"elementor-heading-title elementor-size-default\"><p>Before taking part in the next world rowing coastal championships (October 2021 or 2022 depending on the health restrictions on Covid19), I have imagined an intense endurance program, rowing 160 kms around Lake L\u00e9man. This event would be carried out in a unique and united way through a public health cause, including women who have suffered from breast cancer and are eager to start rowing as a mean to strengthen their health. Here the desire to win and courage are united !! Welcome to \"Le L\u00e9man en Rose\".\n<\/p>\nDid you know ? Currently 1 in 8 women is affected by breast cancer on average, so it is important to make this challenge visible and demonstrate the already proven benefits of rowing on the body and mind.\n\n\n<p><\/h3>\t\t\t\t<\/div>\n\t\t\t\t\t<\/div>\n\t\t<\/div>\n\t\t\t\t<div class=\"elementor-column elementor-col-50 elementor-inner-column elementor-element elementor-element-f79da80\" data-id=\"f79da80\" data-element_type=\"column\" data-e-type=\"column\">\n\t\t\t<div class=\"elementor-widget-wrap elementor-element-populated\">\n\t\t\t\t\t\t<div class=\"elementor-element elementor-element-aff1068 elementor-widget elementor-widget-heading\" data-id=\"aff1068\" data-element_type=\"widget\" data-e-type=\"widget\" data-widget_type=\"heading.default\">\n\t\t\t\t\t<h3 class=\"elementor-heading-title elementor-size-default\"><span style=\"text-decoration:none;font-size:25px\">Benefits of rowing<\/span>\n<br><br>\n<p>\nBreast Cancer can have important repercussions on the lives of the people concerned, whether physical, moral or social. During the therapeutic phase, often punctuated by operations, radio- and chemotherapy, the monitoring of their physical health and mental health is essential. This is why maintaining physical activity and adequate social integration are of great importance. The RAMER EN ROSE healthy rowing program, originally created at the Rowing-Club Lausanne (Switzerland), combines these two approaches by offering not only a personalized sporting activity, but also the possibility of exchanges between peers. This program aims to improve the quality of life of women in a favorable environment, far from the sterile and intimidating walls of the hospital. The equivalent exists in France through the AVIRON ROSE association. \n\n\n<\/p>\n\n<\/h3>\t\t\t\t<\/div>\n\t\t\t\t\t<\/div>\n\t\t<\/div>\n\t\t\t\t\t<\/div>\n\t\t<\/section>\n\t\t\t\t\t<\/div>\n\t\t<\/div>\n\t\t\t\t\t<\/div>\n\t\t<\/section>\n\t\t\t\t<\/div>","protected":false},"excerpt":{"rendered":"<p>Le L\u00e9man en Rose (160 kms \u00e0 la rame contre le cancer du sein) PROJET LE LEMAN EN ROSE Soutenons les femmes atteintes d&rsquo;un cancer du sein avec un encadrement sportif adapt\u00e9 ! Site web Perennial est fier et heureux de soutenir ce projet. Avant de participer aux prochains mondiaux d\u2019aviron de mer (Octobre 2021 [&hellip;]<\/p>\n","protected":false},"author":7,"featured_media":0,"parent":0,"menu_order":10,"comment_status":"closed","ping_status":"closed","template":"","meta":{"_acf_changed":false,"inline_featured_image":false,"footnotes":""},"class_list":["post-1038","page","type-page","status-publish","hentry"],"acf":[],"yoast_head":"<!-- This site is optimized with the Yoast SEO plugin v27.4 - https:\/\/yoast.com\/product\/yoast-seo-wordpress\/ -->\n<title>D\u00e9couvrez le challenge ici - Perennial<\/title>\n<meta name=\"robots\" content=\"index, follow, max-snippet:-1, max-image-preview:large, max-video-preview:-1\" \/>\n<link rel=\"canonical\" href=\"https:\/\/perennial.ch\/en\/leman-rose\/\" \/>\n<meta property=\"og:locale\" content=\"en_GB\" \/>\n<meta property=\"og:type\" content=\"article\" \/>\n<meta property=\"og:title\" content=\"D\u00e9couvrez le challenge ici - Perennial\" \/>\n<meta property=\"og:description\" content=\"Le L\u00e9man en Rose (160 kms \u00e0 la rame contre le cancer du sein) PROJET LE LEMAN EN ROSE Soutenons les femmes atteintes d&rsquo;un cancer du sein avec un encadrement sportif adapt\u00e9 ! Site web Perennial est fier et heureux de soutenir ce projet. Avant de participer aux prochains mondiaux d\u2019aviron de mer (Octobre 2021 [&hellip;]\" \/>\n<meta property=\"og:url\" content=\"https:\/\/perennial.ch\/en\/leman-rose\/\" \/>\n<meta property=\"og:site_name\" content=\"Perennial\" \/>\n<meta property=\"article:modified_time\" content=\"2024-11-25T12:42:02+00:00\" \/>\n<meta property=\"og:image\" content=\"https:\/\/perennial.ch\/wp-content\/uploads\/2024\/11\/RZ_Howden_Perennial_Logo_untereinander.png\" \/>\n\t<meta property=\"og:image:width\" content=\"1417\" \/>\n\t<meta property=\"og:image:height\" content=\"612\" \/>\n\t<meta property=\"og:image:type\" content=\"image\/png\" \/>\n<meta name=\"twitter:card\" content=\"summary_large_image\" \/>\n<meta name=\"twitter:label1\" content=\"Estimated reading time\" \/>\n\t<meta name=\"twitter:data1\" content=\"2 minutes\" \/>\n<script type=\"application\/ld+json\" class=\"yoast-schema-graph\">{\"@context\":\"https:\\\/\\\/schema.org\",\"@graph\":[{\"@type\":\"WebPage\",\"@id\":\"https:\\\/\\\/perennial.ch\\\/leman-rose\\\/\",\"url\":\"https:\\\/\\\/perennial.ch\\\/leman-rose\\\/\",\"name\":\"D\u00e9couvrez le challenge ici - Perennial\",\"isPartOf\":{\"@id\":\"https:\\\/\\\/perennial.ch\\\/#website\"},\"datePublished\":\"2021-11-18T13:01:32+00:00\",\"dateModified\":\"2024-11-25T12:42:02+00:00\",\"breadcrumb\":{\"@id\":\"https:\\\/\\\/perennial.ch\\\/leman-rose\\\/#breadcrumb\"},\"inLanguage\":\"en-GB\",\"potentialAction\":[{\"@type\":\"ReadAction\",\"target\":[\"https:\\\/\\\/perennial.ch\\\/leman-rose\\\/\"]}]},{\"@type\":\"BreadcrumbList\",\"@id\":\"https:\\\/\\\/perennial.ch\\\/leman-rose\\\/#breadcrumb\",\"itemListElement\":[{\"@type\":\"ListItem\",\"position\":1,\"name\":\"Home\",\"item\":\"https:\\\/\\\/perennial.ch\\\/\"},{\"@type\":\"ListItem\",\"position\":2,\"name\":\"D\u00e9couvrez le challenge ici\"}]},{\"@type\":\"WebSite\",\"@id\":\"https:\\\/\\\/perennial.ch\\\/#website\",\"url\":\"https:\\\/\\\/perennial.ch\\\/\",\"name\":\"PERENNIAL SA\",\"description\":\"P\u00e9renniser vos acquis par des actes cr\u00e9ateurs de valeur\",\"publisher\":{\"@id\":\"https:\\\/\\\/perennial.ch\\\/#organization\"},\"potentialAction\":[{\"@type\":\"SearchAction\",\"target\":{\"@type\":\"EntryPoint\",\"urlTemplate\":\"https:\\\/\\\/perennial.ch\\\/?s={search_term_string}\"},\"query-input\":{\"@type\":\"PropertyValueSpecification\",\"valueRequired\":true,\"valueName\":\"search_term_string\"}}],\"inLanguage\":\"en-GB\"},{\"@type\":\"Organization\",\"@id\":\"https:\\\/\\\/perennial.ch\\\/#organization\",\"name\":\"PERENNIAL SA\",\"url\":\"https:\\\/\\\/perennial.ch\\\/\",\"logo\":{\"@type\":\"ImageObject\",\"inLanguage\":\"en-GB\",\"@id\":\"https:\\\/\\\/perennial.ch\\\/#\\\/schema\\\/logo\\\/image\\\/\",\"url\":\"https:\\\/\\\/perennial.ch\\\/wp-content\\\/uploads\\\/2021\\\/11\\\/cropped-logo-perennial-vector.png\",\"contentUrl\":\"https:\\\/\\\/perennial.ch\\\/wp-content\\\/uploads\\\/2021\\\/11\\\/cropped-logo-perennial-vector.png\",\"width\":1541,\"height\":470,\"caption\":\"PERENNIAL SA\"},\"image\":{\"@id\":\"https:\\\/\\\/perennial.ch\\\/#\\\/schema\\\/logo\\\/image\\\/\"}}]}<\/script>\n<!-- \/ Yoast SEO plugin. -->","yoast_head_json":{"title":"Discover the challenge here - Perennial","robots":{"index":"index","follow":"follow","max-snippet":"max-snippet:-1","max-image-preview":"max-image-preview:large","max-video-preview":"max-video-preview:-1"},"canonical":"https:\/\/perennial.ch\/en\/leman-rose\/","og_locale":"en_GB","og_type":"article","og_title":"D\u00e9couvrez le challenge ici - Perennial","og_description":"Le L\u00e9man en Rose (160 kms \u00e0 la rame contre le cancer du sein) PROJET LE LEMAN EN ROSE Soutenons les femmes atteintes d&rsquo;un cancer du sein avec un encadrement sportif adapt\u00e9 ! Site web Perennial est fier et heureux de soutenir ce projet. Avant de participer aux prochains mondiaux d\u2019aviron de mer (Octobre 2021 [&hellip;]","og_url":"https:\/\/perennial.ch\/en\/leman-rose\/","og_site_name":"Perennial","article_modified_time":"2024-11-25T12:42:02+00:00","og_image":[{"width":1417,"height":612,"url":"https:\/\/perennial.ch\/wp-content\/uploads\/2024\/11\/RZ_Howden_Perennial_Logo_untereinander.png","type":"image\/png"}],"twitter_card":"summary_large_image","twitter_misc":{"Estimated reading time":"2 minutes"},"schema":{"@context":"https:\/\/schema.org","@graph":[{"@type":"WebPage","@id":"https:\/\/perennial.ch\/leman-rose\/","url":"https:\/\/perennial.ch\/leman-rose\/","name":"Discover the challenge here - Perennial","isPartOf":{"@id":"https:\/\/perennial.ch\/#website"},"datePublished":"2021-11-18T13:01:32+00:00","dateModified":"2024-11-25T12:42:02+00:00","breadcrumb":{"@id":"https:\/\/perennial.ch\/leman-rose\/#breadcrumb"},"inLanguage":"en-GB","potentialAction":[{"@type":"ReadAction","target":["https:\/\/perennial.ch\/leman-rose\/"]}]},{"@type":"BreadcrumbList","@id":"https:\/\/perennial.ch\/leman-rose\/#breadcrumb","itemListElement":[{"@type":"ListItem","position":1,"name":"Home","item":"https:\/\/perennial.ch\/"},{"@type":"ListItem","position":2,"name":"D\u00e9couvrez le challenge ici"}]},{"@type":"WebSite","@id":"https:\/\/perennial.ch\/#website","url":"https:\/\/perennial.ch\/","name":"PERENNIAL SA","description":"Sustaining your achievements through actions that create value","publisher":{"@id":"https:\/\/perennial.ch\/#organization"},"potentialAction":[{"@type":"SearchAction","target":{"@type":"EntryPoint","urlTemplate":"https:\/\/perennial.ch\/?s={search_term_string}"},"query-input":{"@type":"PropertyValueSpecification","valueRequired":true,"valueName":"search_term_string"}}],"inLanguage":"en-GB"},{"@type":"Organization","@id":"https:\/\/perennial.ch\/#organization","name":"PERENNIAL SA","url":"https:\/\/perennial.ch\/","logo":{"@type":"ImageObject","inLanguage":"en-GB","@id":"https:\/\/perennial.ch\/#\/schema\/logo\/image\/","url":"https:\/\/perennial.ch\/wp-content\/uploads\/2021\/11\/cropped-logo-perennial-vector.png","contentUrl":"https:\/\/perennial.ch\/wp-content\/uploads\/2021\/11\/cropped-logo-perennial-vector.png","width":1541,"height":470,"caption":"PERENNIAL SA"},"image":{"@id":"https:\/\/perennial.ch\/#\/schema\/logo\/image\/"}}]}},"_links":{"self":[{"href":"https:\/\/perennial.ch\/en\/wp-json\/wp\/v2\/pages\/1038","targetHints":{"allow":["GET"]}}],"collection":[{"href":"https:\/\/perennial.ch\/en\/wp-json\/wp\/v2\/pages"}],"about":[{"href":"https:\/\/perennial.ch\/en\/wp-json\/wp\/v2\/types\/page"}],"author":[{"embeddable":true,"href":"https:\/\/perennial.ch\/en\/wp-json\/wp\/v2\/users\/7"}],"replies":[{"embeddable":true,"href":"https:\/\/perennial.ch\/en\/wp-json\/wp\/v2\/comments?post=1038"}],"version-history":[{"count":0,"href":"https:\/\/perennial.ch\/en\/wp-json\/wp\/v2\/pages\/1038\/revisions"}],"wp:attachment":[{"href":"https:\/\/perennial.ch\/en\/wp-json\/wp\/v2\/media?parent=1038"}],"curies":[{"name":"wp","href":"https:\/\/api.w.org\/{rel}","templated":true}]}}