{"id":1139,"date":"2021-11-23T11:48:26","date_gmt":"2021-11-23T11:48:26","guid":{"rendered":"https:\/\/ffqibmskv.preview.infomaniak.website\/?page_id=1139"},"modified":"2024-11-25T16:08:26","modified_gmt":"2024-11-25T16:08:26","slug":"talkshow","status":"publish","type":"page","link":"https:\/\/perennial.ch\/en\/talkshow\/","title":{"rendered":"Talkshow"},"content":{"rendered":"<div data-elementor-type=\"wp-page\" data-elementor-id=\"1139\" class=\"elementor elementor-1139\" data-elementor-post-type=\"page\">\n\t\t\t\t\t\t<section class=\"elementor-section elementor-top-section elementor-element elementor-element-9c0a9fd elementor-section-boxed elementor-section-height-default elementor-section-height-default\" data-id=\"9c0a9fd\" data-element_type=\"section\" data-e-type=\"section\" data-settings=\"{&quot;background_background&quot;:&quot;classic&quot;}\">\n\t\t\t\t\t\t\t<div class=\"elementor-background-overlay\"><\/div>\n\t\t\t\t\t\t\t<div class=\"elementor-container elementor-column-gap-default\">\n\t\t\t\t\t<div class=\"elementor-column elementor-col-100 elementor-top-column elementor-element elementor-element-cea8efa\" data-id=\"cea8efa\" data-element_type=\"column\" data-e-type=\"column\">\n\t\t\t<div class=\"elementor-widget-wrap elementor-element-populated\">\n\t\t\t\t\t\t<div class=\"elementor-element elementor-element-b53f1c9 elementor-widget elementor-widget-heading\" data-id=\"b53f1c9\" data-element_type=\"widget\" data-e-type=\"widget\" data-widget_type=\"heading.default\">\n\t\t\t\t\t<h1 class=\"elementor-heading-title elementor-size-default\">Talkshow<\/h1>\t\t\t\t<\/div>\n\t\t\t\t\t<\/div>\n\t\t<\/div>\n\t\t\t\t\t<\/div>\n\t\t<\/section>\n\t\t\t\t<section class=\"elementor-section elementor-top-section elementor-element elementor-element-a5d6626 elementor-section-boxed elementor-section-height-default elementor-section-height-default\" data-id=\"a5d6626\" data-element_type=\"section\" data-e-type=\"section\">\n\t\t\t\t\t\t<div class=\"elementor-container elementor-column-gap-default\">\n\t\t\t\t\t<div class=\"elementor-column elementor-col-50 elementor-top-column elementor-element elementor-element-2559e22\" data-id=\"2559e22\" data-element_type=\"column\" data-e-type=\"column\">\n\t\t\t<div class=\"elementor-widget-wrap elementor-element-populated\">\n\t\t\t\t\t\t<div class=\"elementor-element elementor-element-783928c elementor-widget elementor-widget-image\" data-id=\"783928c\" data-element_type=\"widget\" data-e-type=\"widget\" data-widget_type=\"image.default\">\n\t\t\t\t\t\t\t\t\t\t\t\t\t\t\t<img decoding=\"async\" src=\"https:\/\/perennial.ch\/wp-content\/uploads\/elementor\/thumbs\/talkshow-logo-01-pgj94w8bejfum75ihmsnsy13wf691sa6t9dgsq69kw.png\" title=\"talkshow logo-01\" alt=\"talkshow logo-01\" loading=\"lazy\" \/>\t\t\t\t\t\t\t\t\t\t\t\t\t\t\t<\/div>\n\t\t\t\t<div class=\"elementor-element elementor-element-ab245c1 elementor-widget elementor-widget-heading\" data-id=\"ab245c1\" data-element_type=\"widget\" data-e-type=\"widget\" data-widget_type=\"heading.default\">\n\t\t\t\t\t<h2 class=\"elementor-heading-title elementor-size-default\">TALKSHOW<\/h2>\t\t\t\t<\/div>\n\t\t\t\t<div class=\"elementor-element elementor-element-73ba2eb elementor-widget elementor-widget-text-editor\" data-id=\"73ba2eb\" data-element_type=\"widget\" data-e-type=\"widget\" data-widget_type=\"text-editor.default\">\n\t\t\t\t\t\t\t\t\t<p>Talkshow explores the different industries, their challenges, their evolution. We talk to the market to better understand it.<\/p>\t\t\t\t\t\t\t\t<\/div>\n\t\t\t\t\t<\/div>\n\t\t<\/div>\n\t\t\t\t<div class=\"elementor-column elementor-col-50 elementor-top-column elementor-element elementor-element-5e312f0\" data-id=\"5e312f0\" data-element_type=\"column\" data-e-type=\"column\">\n\t\t\t<div class=\"elementor-widget-wrap elementor-element-populated\">\n\t\t\t\t\t\t<div class=\"elementor-element elementor-element-d56083f elementor-widget elementor-widget-video\" data-id=\"d56083f\" data-element_type=\"widget\" data-e-type=\"widget\" data-settings=\"{&quot;youtube_url&quot;:&quot;https:\\\/\\\/www.youtube.com\\\/watch?v=4n-fu44x9vg&quot;,&quot;video_type&quot;:&quot;youtube&quot;,&quot;controls&quot;:&quot;yes&quot;}\" data-widget_type=\"video.default\">\n\t\t\t\t\t\t\t<div class=\"elementor-wrapper elementor-open-inline\">\n\t\t\t<div class=\"elementor-video\"><\/div>\t\t<\/div>\n\t\t\t\t\t\t<\/div>\n\t\t\t\t<div class=\"elementor-element elementor-element-96ab043 elementor-shape-circle elementor-hidden-desktop elementor-hidden-tablet elementor-hidden-mobile elementor-grid-0 e-grid-align-center elementor-widget elementor-widget-social-icons\" data-id=\"96ab043\" data-element_type=\"widget\" data-e-type=\"widget\" data-widget_type=\"social-icons.default\">\n\t\t\t\t\t\t\t<div class=\"elementor-social-icons-wrapper elementor-grid\" role=\"list\">\n\t\t\t\t\t\t\t<span class=\"elementor-grid-item\" role=\"listitem\">\n\t\t\t\t\t<a class=\"elementor-icon elementor-social-icon elementor-social-icon-youtube elementor-animation-float elementor-repeater-item-4ca5372\" target=\"_blank\">\n\t\t\t\t\t\t<span class=\"elementor-screen-only\">Youtube<\/span>\n\t\t\t\t\t\t<i aria-hidden=\"true\" class=\"fab fa-youtube\"><\/i>\t\t\t\t\t<\/a>\n\t\t\t\t<\/span>\n\t\t\t\t\t\t\t<span class=\"elementor-grid-item\" role=\"listitem\">\n\t\t\t\t\t<a class=\"elementor-icon elementor-social-icon elementor-social-icon-spotify elementor-animation-float elementor-repeater-item-ca48b10\" target=\"_blank\">\n\t\t\t\t\t\t<span class=\"elementor-screen-only\">Spotify<\/span>\n\t\t\t\t\t\t<i aria-hidden=\"true\" class=\"fab fa-spotify\"><\/i>\t\t\t\t\t<\/a>\n\t\t\t\t<\/span>\n\t\t\t\t\t\t\t<span class=\"elementor-grid-item\" role=\"listitem\">\n\t\t\t\t\t<a class=\"elementor-icon elementor-social-icon elementor-social-icon-apple elementor-animation-float elementor-repeater-item-be2ebcb\" target=\"_blank\">\n\t\t\t\t\t\t<span class=\"elementor-screen-only\">Apple<\/span>\n\t\t\t\t\t\t<i aria-hidden=\"true\" class=\"fab fa-apple\"><\/i>\t\t\t\t\t<\/a>\n\t\t\t\t<\/span>\n\t\t\t\t\t<\/div>\n\t\t\t\t\t\t<\/div>\n\t\t\t\t\t<\/div>\n\t\t<\/div>\n\t\t\t\t\t<\/div>\n\t\t<\/section>\n\t\t\t\t<\/div>","protected":false},"excerpt":{"rendered":"<p>Talkshow TALKSHOW Talkshow explores different industries, their challenges and their evolution. We talk to the market to understand it better. https:\/\/www.youtube.com\/watch?v=4n-fu44x9vg Youtube Spotify Apple<\/p>","protected":false},"author":7,"featured_media":0,"parent":0,"menu_order":22,"comment_status":"closed","ping_status":"closed","template":"","meta":{"_acf_changed":false,"inline_featured_image":false,"footnotes":""},"class_list":["post-1139","page","type-page","status-publish","hentry"],"acf":[],"yoast_head":"<!-- This site is optimized with the Yoast SEO plugin v27.4 - https:\/\/yoast.com\/product\/yoast-seo-wordpress\/ -->\n<title>Talkshow - Perennial<\/title>\n<meta name=\"robots\" content=\"index, follow, max-snippet:-1, max-image-preview:large, max-video-preview:-1\" \/>\n<link rel=\"canonical\" href=\"https:\/\/perennial.ch\/en\/talkshow\/\" \/>\n<meta property=\"og:locale\" content=\"en_GB\" \/>\n<meta property=\"og:type\" content=\"article\" \/>\n<meta property=\"og:title\" content=\"Talkshow - Perennial\" \/>\n<meta property=\"og:description\" content=\"Talkshow TALKSHOW Talkshow explore les diff\u00e9rentes industries, leurs challenges, leur \u00e9volution. Nous parlons au march\u00e9 afin de mieux le comprendre. https:\/\/www.youtube.com\/watch?v=4n-fu44x9vg Youtube Spotify Apple\" \/>\n<meta property=\"og:url\" content=\"https:\/\/perennial.ch\/en\/talkshow\/\" \/>\n<meta property=\"og:site_name\" content=\"Perennial\" \/>\n<meta property=\"article:modified_time\" content=\"2024-11-25T16:08:26+00:00\" \/>\n<meta property=\"og:image\" content=\"https:\/\/ffqibmskv.preview.infomaniak.website\/wp-content\/uploads\/elementor\/thumbs\/talkshow-logo-01-pgj94w8bejfum75ihmsnsy13wf691sa6t9dgsq69kw.png\" \/>\n<meta name=\"twitter:card\" content=\"summary_large_image\" \/>\n<meta name=\"twitter:label1\" content=\"Estimated reading time\" \/>\n\t<meta name=\"twitter:data1\" content=\"1 minute\" \/>\n<script type=\"application\/ld+json\" class=\"yoast-schema-graph\">{\"@context\":\"https:\\\/\\\/schema.org\",\"@graph\":[{\"@type\":\"WebPage\",\"@id\":\"https:\\\/\\\/perennial.ch\\\/talkshow\\\/\",\"url\":\"https:\\\/\\\/perennial.ch\\\/talkshow\\\/\",\"name\":\"Talkshow - Perennial\",\"isPartOf\":{\"@id\":\"https:\\\/\\\/perennial.ch\\\/#website\"},\"primaryImageOfPage\":{\"@id\":\"https:\\\/\\\/perennial.ch\\\/talkshow\\\/#primaryimage\"},\"image\":{\"@id\":\"https:\\\/\\\/perennial.ch\\\/talkshow\\\/#primaryimage\"},\"thumbnailUrl\":\"https:\\\/\\\/ffqibmskv.preview.infomaniak.website\\\/wp-content\\\/uploads\\\/elementor\\\/thumbs\\\/talkshow-logo-01-pgj94w8bejfum75ihmsnsy13wf691sa6t9dgsq69kw.png\",\"datePublished\":\"2021-11-23T11:48:26+00:00\",\"dateModified\":\"2024-11-25T16:08:26+00:00\",\"breadcrumb\":{\"@id\":\"https:\\\/\\\/perennial.ch\\\/talkshow\\\/#breadcrumb\"},\"inLanguage\":\"en-GB\",\"potentialAction\":[{\"@type\":\"ReadAction\",\"target\":[\"https:\\\/\\\/perennial.ch\\\/talkshow\\\/\"]}]},{\"@type\":\"ImageObject\",\"inLanguage\":\"en-GB\",\"@id\":\"https:\\\/\\\/perennial.ch\\\/talkshow\\\/#primaryimage\",\"url\":\"https:\\\/\\\/ffqibmskv.preview.infomaniak.website\\\/wp-content\\\/uploads\\\/elementor\\\/thumbs\\\/talkshow-logo-01-pgj94w8bejfum75ihmsnsy13wf691sa6t9dgsq69kw.png\",\"contentUrl\":\"https:\\\/\\\/ffqibmskv.preview.infomaniak.website\\\/wp-content\\\/uploads\\\/elementor\\\/thumbs\\\/talkshow-logo-01-pgj94w8bejfum75ihmsnsy13wf691sa6t9dgsq69kw.png\"},{\"@type\":\"BreadcrumbList\",\"@id\":\"https:\\\/\\\/perennial.ch\\\/talkshow\\\/#breadcrumb\",\"itemListElement\":[{\"@type\":\"ListItem\",\"position\":1,\"name\":\"Home\",\"item\":\"https:\\\/\\\/perennial.ch\\\/\"},{\"@type\":\"ListItem\",\"position\":2,\"name\":\"Talkshow\"}]},{\"@type\":\"WebSite\",\"@id\":\"https:\\\/\\\/perennial.ch\\\/#website\",\"url\":\"https:\\\/\\\/perennial.ch\\\/\",\"name\":\"PERENNIAL SA\",\"description\":\"P\u00e9renniser vos acquis par des actes cr\u00e9ateurs de valeur\",\"publisher\":{\"@id\":\"https:\\\/\\\/perennial.ch\\\/#organization\"},\"potentialAction\":[{\"@type\":\"SearchAction\",\"target\":{\"@type\":\"EntryPoint\",\"urlTemplate\":\"https:\\\/\\\/perennial.ch\\\/?s={search_term_string}\"},\"query-input\":{\"@type\":\"PropertyValueSpecification\",\"valueRequired\":true,\"valueName\":\"search_term_string\"}}],\"inLanguage\":\"en-GB\"},{\"@type\":\"Organization\",\"@id\":\"https:\\\/\\\/perennial.ch\\\/#organization\",\"name\":\"PERENNIAL SA\",\"url\":\"https:\\\/\\\/perennial.ch\\\/\",\"logo\":{\"@type\":\"ImageObject\",\"inLanguage\":\"en-GB\",\"@id\":\"https:\\\/\\\/perennial.ch\\\/#\\\/schema\\\/logo\\\/image\\\/\",\"url\":\"https:\\\/\\\/perennial.ch\\\/wp-content\\\/uploads\\\/2021\\\/11\\\/cropped-logo-perennial-vector.png\",\"contentUrl\":\"https:\\\/\\\/perennial.ch\\\/wp-content\\\/uploads\\\/2021\\\/11\\\/cropped-logo-perennial-vector.png\",\"width\":1541,\"height\":470,\"caption\":\"PERENNIAL SA\"},\"image\":{\"@id\":\"https:\\\/\\\/perennial.ch\\\/#\\\/schema\\\/logo\\\/image\\\/\"}}]}<\/script>\n<!-- \/ Yoast SEO plugin. -->","yoast_head_json":{"title":"Talkshow - Perennial","robots":{"index":"index","follow":"follow","max-snippet":"max-snippet:-1","max-image-preview":"max-image-preview:large","max-video-preview":"max-video-preview:-1"},"canonical":"https:\/\/perennial.ch\/en\/talkshow\/","og_locale":"en_GB","og_type":"article","og_title":"Talkshow - Perennial","og_description":"Talkshow TALKSHOW Talkshow explore les diff\u00e9rentes industries, leurs challenges, leur \u00e9volution. Nous parlons au march\u00e9 afin de mieux le comprendre. https:\/\/www.youtube.com\/watch?v=4n-fu44x9vg Youtube Spotify Apple","og_url":"https:\/\/perennial.ch\/en\/talkshow\/","og_site_name":"Perennial","article_modified_time":"2024-11-25T16:08:26+00:00","og_image":[{"url":"https:\/\/ffqibmskv.preview.infomaniak.website\/wp-content\/uploads\/elementor\/thumbs\/talkshow-logo-01-pgj94w8bejfum75ihmsnsy13wf691sa6t9dgsq69kw.png","type":"","width":"","height":""}],"twitter_card":"summary_large_image","twitter_misc":{"Estimated reading time":"1 minute"},"schema":{"@context":"https:\/\/schema.org","@graph":[{"@type":"WebPage","@id":"https:\/\/perennial.ch\/talkshow\/","url":"https:\/\/perennial.ch\/talkshow\/","name":"Talkshow - Perennial","isPartOf":{"@id":"https:\/\/perennial.ch\/#website"},"primaryImageOfPage":{"@id":"https:\/\/perennial.ch\/talkshow\/#primaryimage"},"image":{"@id":"https:\/\/perennial.ch\/talkshow\/#primaryimage"},"thumbnailUrl":"https:\/\/ffqibmskv.preview.infomaniak.website\/wp-content\/uploads\/elementor\/thumbs\/talkshow-logo-01-pgj94w8bejfum75ihmsnsy13wf691sa6t9dgsq69kw.png","datePublished":"2021-11-23T11:48:26+00:00","dateModified":"2024-11-25T16:08:26+00:00","breadcrumb":{"@id":"https:\/\/perennial.ch\/talkshow\/#breadcrumb"},"inLanguage":"en-GB","potentialAction":[{"@type":"ReadAction","target":["https:\/\/perennial.ch\/talkshow\/"]}]},{"@type":"ImageObject","inLanguage":"en-GB","@id":"https:\/\/perennial.ch\/talkshow\/#primaryimage","url":"https:\/\/ffqibmskv.preview.infomaniak.website\/wp-content\/uploads\/elementor\/thumbs\/talkshow-logo-01-pgj94w8bejfum75ihmsnsy13wf691sa6t9dgsq69kw.png","contentUrl":"https:\/\/ffqibmskv.preview.infomaniak.website\/wp-content\/uploads\/elementor\/thumbs\/talkshow-logo-01-pgj94w8bejfum75ihmsnsy13wf691sa6t9dgsq69kw.png"},{"@type":"BreadcrumbList","@id":"https:\/\/perennial.ch\/talkshow\/#breadcrumb","itemListElement":[{"@type":"ListItem","position":1,"name":"Home","item":"https:\/\/perennial.ch\/"},{"@type":"ListItem","position":2,"name":"Talkshow"}]},{"@type":"WebSite","@id":"https:\/\/perennial.ch\/#website","url":"https:\/\/perennial.ch\/","name":"PERENNIAL SA","description":"Sustaining your achievements through actions that create value","publisher":{"@id":"https:\/\/perennial.ch\/#organization"},"potentialAction":[{"@type":"SearchAction","target":{"@type":"EntryPoint","urlTemplate":"https:\/\/perennial.ch\/?s={search_term_string}"},"query-input":{"@type":"PropertyValueSpecification","valueRequired":true,"valueName":"search_term_string"}}],"inLanguage":"en-GB"},{"@type":"Organization","@id":"https:\/\/perennial.ch\/#organization","name":"PERENNIAL SA","url":"https:\/\/perennial.ch\/","logo":{"@type":"ImageObject","inLanguage":"en-GB","@id":"https:\/\/perennial.ch\/#\/schema\/logo\/image\/","url":"https:\/\/perennial.ch\/wp-content\/uploads\/2021\/11\/cropped-logo-perennial-vector.png","contentUrl":"https:\/\/perennial.ch\/wp-content\/uploads\/2021\/11\/cropped-logo-perennial-vector.png","width":1541,"height":470,"caption":"PERENNIAL SA"},"image":{"@id":"https:\/\/perennial.ch\/#\/schema\/logo\/image\/"}}]}},"_links":{"self":[{"href":"https:\/\/perennial.ch\/en\/wp-json\/wp\/v2\/pages\/1139","targetHints":{"allow":["GET"]}}],"collection":[{"href":"https:\/\/perennial.ch\/en\/wp-json\/wp\/v2\/pages"}],"about":[{"href":"https:\/\/perennial.ch\/en\/wp-json\/wp\/v2\/types\/page"}],"author":[{"embeddable":true,"href":"https:\/\/perennial.ch\/en\/wp-json\/wp\/v2\/users\/7"}],"replies":[{"embeddable":true,"href":"https:\/\/perennial.ch\/en\/wp-json\/wp\/v2\/comments?post=1139"}],"version-history":[{"count":0,"href":"https:\/\/perennial.ch\/en\/wp-json\/wp\/v2\/pages\/1139\/revisions"}],"wp:attachment":[{"href":"https:\/\/perennial.ch\/en\/wp-json\/wp\/v2\/media?parent=1139"}],"curies":[{"name":"wp","href":"https:\/\/api.w.org\/{rel}","templated":true}]}}