{"id":373,"date":"2021-11-03T08:33:57","date_gmt":"2021-11-03T08:33:57","guid":{"rendered":"https:\/\/ffqibmskv.preview.infomaniak.website\/?page_id=373"},"modified":"2025-02-14T10:42:12","modified_gmt":"2025-02-14T09:42:12","slug":"per-contact","status":"publish","type":"page","link":"https:\/\/perennial.ch\/en\/per-contact\/","title":{"rendered":"Contact"},"content":{"rendered":"<div data-elementor-type=\"wp-page\" data-elementor-id=\"373\" class=\"elementor elementor-373\" data-elementor-post-type=\"page\">\n\t\t\t\t\t\t<section class=\"elementor-section elementor-top-section elementor-element elementor-element-9c0a9fd elementor-section-boxed elementor-section-height-default elementor-section-height-default\" data-id=\"9c0a9fd\" data-element_type=\"section\" data-e-type=\"section\" data-settings=\"{&quot;background_background&quot;:&quot;classic&quot;}\">\n\t\t\t\t\t\t\t<div class=\"elementor-background-overlay\"><\/div>\n\t\t\t\t\t\t\t<div class=\"elementor-container elementor-column-gap-default\">\n\t\t\t\t\t<div class=\"elementor-column elementor-col-100 elementor-top-column elementor-element elementor-element-cea8efa\" data-id=\"cea8efa\" data-element_type=\"column\" data-e-type=\"column\">\n\t\t\t<div class=\"elementor-widget-wrap elementor-element-populated\">\n\t\t\t\t\t\t<div class=\"elementor-element elementor-element-b53f1c9 elementor-widget elementor-widget-heading\" data-id=\"b53f1c9\" data-element_type=\"widget\" data-e-type=\"widget\" data-widget_type=\"heading.default\">\n\t\t\t\t\t<h2 class=\"elementor-heading-title elementor-size-default\">contact us<\/h2>\t\t\t\t<\/div>\n\t\t\t\t<div class=\"elementor-element elementor-element-7ff47b1 elementor-widget elementor-widget-heading\" data-id=\"7ff47b1\" data-element_type=\"widget\" data-e-type=\"widget\" data-widget_type=\"heading.default\">\n\t\t\t\t\t<h3 class=\"elementor-heading-title elementor-size-default\">EACH COMPANY HAS ITS OWN PERSONAL SITUATION TO DEAL WITH. YOUR PERENNIAL TEAM WILL GUIDE, MANAGE AND ADVISE YOU ON ANY EFFICIENT APPROACH TO BENEFIT YOUR ORGANIZATION.<\/h3>\t\t\t\t<\/div>\n\t\t\t\t<div class=\"elementor-element elementor-element-dd57c04 elementor-widget elementor-widget-elementskit-caldera-forms\" data-id=\"dd57c04\" data-element_type=\"widget\" data-e-type=\"widget\" data-widget_type=\"elementskit-caldera-forms.default\">\n\t\t\t\t\t<div class=\"ekit-wid-con\" >\t\t<div class=\"ekit-form\">\n\t\t\t<div class=\"caldera-form-wrap\">\n\t\t\t\t<div class=\"caldera-grid\" id=\"caldera_form_1\" data-cf-ver=\"1.9.7\" data-cf-form-id=\"CF6187bbfe4346c\"><div id=\"caldera_notices_1\" data-spinner=\"https:\/\/perennial.ch\/wp-admin\/images\/spinner.gif\"><\/div><form data-instance=\"1\" class=\"CF6187bbfe4346c caldera_forms_form cfajax-trigger\" method=\"POST\" enctype=\"multipart\/form-data\" id=\"CF6187bbfe4346c_1\" data-form-id=\"CF6187bbfe4346c\" aria-label=\"Contact us\" data-target=\"#caldera_notices_1\" data-template=\"#cfajax_CF6187bbfe4346c-tmpl\" data-cfajax=\"CF6187bbfe4346c\" data-load-element=\"_parent\" data-load-class=\"cf_processing\" data-post-disable=\"0\" data-action=\"cf_process_ajax_submit\" data-request=\"https:\/\/perennial.ch\/en\/cf-api\/CF6187bbfe4346c\" data-hiderows=\"true\" action=\"\">\r\n<input type=\"hidden\" id=\"_cf_verify_CF6187bbfe4346c\" name=\"_cf_verify\" value=\"4855cc0883\"  data-nonce-time=\"1778018428\" \/><input type=\"hidden\" name=\"_wp_http_referer\" value=\"\/en\/per-contact\/\" \/><div id=\"cf2-CF6187bbfe4346c_1\"><\/div><input type=\"hidden\" name=\"_cf_frm_id\" value=\"CF6187bbfe4346c\">\r\n<input type=\"hidden\" name=\"_cf_frm_ct\" value=\"1\">\r\n<input type=\"hidden\" name=\"cfajax\" value=\"CF6187bbfe4346c\">\r\n<input type=\"hidden\" name=\"_cf_cr_pst\" value=\"373\">\r\n<div class=\"hide\" style=\"display:none; overflow:hidden;height:0;width:0;\">\r\n<label data-no-translation=\"\" data-trp-gettext=\"\">Order Number<\/label><input type=\"text\" name=\"order_number\" value=\"\" autocomplete=\"off\">\r\n<\/div><div id=\"CF6187bbfe4346c_1-row-1\"  class=\"row  first_row\"><div  class=\"col-sm-6  first_col\"><div data-field-wrapper=\"fld_1133496\" class=\"form-group\" id=\"fld_1133496_1-wrap\">\r\n\t<label id=\"fld_1133496Label\" for=\"fld_1133496_1\" class=\"control-label screen-reader-text sr-only\">Name<\/label>\r\n\t<div class=\"\">\r\n\t\t<input placeholder=\"Name\"  required type=\"text\" data-field=\"fld_1133496\" class=\"form-control\" id=\"fld_1133496_1\" name=\"fld_1133496\" value=\"\" data-type=\"text\" aria-required=\"true\"   aria-labelledby=\"fld_1133496Label\" >\t\t\t<\/div>\r\n<\/div>\r\n<\/div><div  class=\"col-sm-6  last_col\"><div data-field-wrapper=\"fld_822492\" class=\"form-group\" id=\"fld_822492_1-wrap\">\r\n\t<label id=\"fld_822492Label\" for=\"fld_822492_1\" class=\"control-label screen-reader-text sr-only\">Email<\/label>\r\n\t<div class=\"\">\r\n\t\t<input placeholder=\"Email\"  required type=\"email\" data-field=\"fld_822492\" class=\"form-control\" id=\"fld_822492_1\" name=\"fld_822492\" value=\"\" data-type=\"email\" aria-required=\"true\"   aria-labelledby=\"fld_822492Label\" >\t\t\t<\/div>\r\n<\/div>\r\n<\/div><\/div><div id=\"CF6187bbfe4346c_1-row-2\"  class=\"row\"><div  class=\"col-sm-12  single\"><div data-field-wrapper=\"fld_2389652\" class=\"form-group\" id=\"fld_2389652_1-wrap\">\r\n\t<label id=\"fld_2389652Label\" for=\"fld_2389652_1\" class=\"control-label screen-reader-text sr-only\">Phone number<\/label>\r\n\t<div class=\"\">\r\n\t\t<input placeholder=\"Phone number\" data-inputmask=\"'mask': '+99 99 999 9999'\"   type=\"phone\" data-field=\"fld_2389652\" class=\"form-control\" id=\"fld_2389652_1\" name=\"fld_2389652\" value=\"\" data-type=\"phone\"   aria-labelledby=\"fld_2389652Label\" >\t\t\t<\/div>\r\n<\/div>\r\n<\/div><\/div><div id=\"CF6187bbfe4346c_1-row-3\"  class=\"row\"><div  class=\"col-sm-12  single\"><div data-field-wrapper=\"fld_1653075\" class=\"form-group\" id=\"fld_1653075_1-wrap\">\r\n\t<label id=\"fld_1653075Label\" for=\"fld_1653075_1\" class=\"control-label screen-reader-text sr-only\">Your message<\/label>\r\n\t<div class=\"\">\r\n\t\t<textarea name=\"fld_1653075\" value=\"\" data-field=\"fld_1653075\" class=\"form-control\" id=\"fld_1653075_1\" rows=\"4\"  required=\"required\"  aria-labelledby=\"fld_1653075Label\" ><\/textarea>\n\t\t\t<\/div>\r\n<\/div>\r\n<\/div><\/div><div id=\"CF6187bbfe4346c_1-row-4\"  class=\"row  last_row\"><div  class=\"col-sm-12  single\"><div data-field-wrapper=\"fld_7357737\" class=\"form-group\" id=\"fld_7357737_1-wrap\">\r\n<div class=\"\">\r\n\t<input  class=\"btn btn-default\" type=\"submit\" name=\"fld_7357737\" id=\"fld_7357737_1\" value=\"Send\" data-field=\"fld_7357737\"  >\n<\/div>\r\n<\/div>\r\n\t<input class=\"button_trigger_1\" type=\"hidden\" name=\"fld_7357737\" id=\"fld_7357737_1_btn\" value=\"\" data-field=\"fld_7357737\"  \/>\n<\/div><\/div><input type=\"hidden\" name=\"trp-form-language\" value=\"en\"\/><\/form>\r\n<\/div>\r\n\t\t\t<\/div>\n\t\t<\/div>\n\t\t<\/div>\t\t\t\t<\/div>\n\t\t\t\t\t<\/div>\n\t\t<\/div>\n\t\t\t\t\t<\/div>\n\t\t<\/section>\n\t\t<div class=\"elementor-element elementor-element-fa29c28 e-con-full e-flex e-con e-parent\" data-id=\"fa29c28\" data-element_type=\"container\" data-e-type=\"container\">\n\t\t<div class=\"elementor-element elementor-element-b4e8199 e-con-full e-flex e-con e-child\" data-id=\"b4e8199\" data-element_type=\"container\" data-e-type=\"container\">\n\t\t\t\t<div class=\"elementor-element elementor-element-19b37ea elementor-widget elementor-widget-google_maps\" data-id=\"19b37ea\" data-element_type=\"widget\" data-e-type=\"widget\" data-widget_type=\"google_maps.default\">\n\t\t\t\t\t\t\t<div class=\"elementor-custom-embed\">\n\t\t\t<iframe loading=\"lazy\"\n\t\t\t\t\tsrc=\"https:\/\/maps.google.com\/maps?q=Z.I.%20LE%20TRESI%206A%201028%20PREVERENGES&#038;t=m&#038;z=14&#038;output=embed&#038;iwloc=near\"\n\t\t\t\t\ttitle=\"Z.I. LE TRESI 6A 1028 PREVERENGES\"\n\t\t\t\t\taria-label=\"Z.I. LE TRESI 6A 1028 PREVERENGES\"\n\t\t\t><\/iframe>\n\t\t<\/div>\n\t\t\t\t\t\t<\/div>\n\t\t\t\t<div class=\"elementor-element elementor-element-003d4d5 elementor-widget elementor-widget-menu-anchor\" data-id=\"003d4d5\" data-element_type=\"widget\" data-e-type=\"widget\" data-widget_type=\"menu-anchor.default\">\n\t\t\t\t\t\t\t<div class=\"elementor-menu-anchor\" id=\"MentionsLegales\"><\/div>\n\t\t\t\t\t\t<\/div>\n\t\t\t\t<\/div>\n\t\t\t\t<\/div>\n\t\t<div class=\"elementor-element elementor-element-dfb2c9d e-flex e-con-boxed e-con e-parent\" data-id=\"dfb2c9d\" data-element_type=\"container\" data-e-type=\"container\" data-settings=\"{&quot;background_background&quot;:&quot;classic&quot;}\">\n\t\t\t\t\t<div class=\"e-con-inner\">\n\t\t\t\t<div class=\"elementor-element elementor-element-d713526 elementor-widget elementor-widget-heading\" data-id=\"d713526\" data-element_type=\"widget\" data-e-type=\"widget\" data-widget_type=\"heading.default\">\n\t\t\t\t\t<h2 class=\"elementor-heading-title elementor-size-default\">Legal information<\/h2>\t\t\t\t<\/div>\n\t\t\t\t<div class=\"elementor-element elementor-element-9ffec2e elementor-widget elementor-widget-text-editor\" data-id=\"9ffec2e\" data-element_type=\"widget\" data-e-type=\"widget\" data-widget_type=\"text-editor.default\">\n\t\t\t\t\t\t\t\t\t<p class=\"font_8\">The basis of our philosophy is to make your gains sustainable and consolidate what you have already achieved, in complete confidentiality.<\/p><p>For this reason, we do not give any information about our customers. Please do not hesitate to contact us should you require any further information.\u00a0<\/p>\t\t\t\t\t\t\t\t<\/div>\n\t\t\t\t<div class=\"elementor-element elementor-element-9488d7b elementor-widget elementor-widget-text-editor\" data-id=\"9488d7b\" data-element_type=\"widget\" data-e-type=\"widget\" data-widget_type=\"text-editor.default\">\n\t\t\t\t\t\t\t\t\t<p>Perennial SA, Z.I. le Tr\u00e9si 6a, 1028 Pr\u00e9verenges<\/p>\t\t\t\t\t\t\t\t<\/div>\n\t\t\t\t<div class=\"elementor-element elementor-element-3de30a6 elementor-widget elementor-widget-text-editor\" data-id=\"3de30a6\" data-element_type=\"widget\" data-e-type=\"widget\" data-widget_type=\"text-editor.default\">\n\t\t\t\t\t\t\t\t\t<p>+41 (0)21 804 84 84<\/p>\t\t\t\t\t\t\t\t<\/div>\n\t\t\t\t<div class=\"elementor-element elementor-element-b6beca3 elementor-widget elementor-widget-text-editor\" data-id=\"b6beca3\" data-element_type=\"widget\" data-e-type=\"widget\" data-widget_type=\"text-editor.default\">\n\t\t\t\t\t\t\t\t\t<p>perencare@perennial.ch<br \/>lpp@perennial.ch<\/p>\t\t\t\t\t\t\t\t<\/div>\n\t\t\t\t\t<\/div>\n\t\t\t\t<\/div>\n\t\t\t\t<\/div>","protected":false},"excerpt":{"rendered":"<p>nous contacter chaque entreprise doit g\u00e9rer une situation propre et personnelle. Votre \u00e9quipe Perennial vous guide, g\u00e8re et vous conseille lors de toute d\u00e9marche efficiente aux b\u00e9n\u00e9fice de votre organisation. Web Site Nom Email Num\u00e9ro de t\u00e9l\u00e9phone Votre Message Mentions L\u00e9gales La base de notre philosophie est la p\u00e9rennisation de vos gains et la consolidation [&hellip;]<\/p>\n","protected":false},"author":7,"featured_media":0,"parent":0,"menu_order":7,"comment_status":"closed","ping_status":"closed","template":"","meta":{"_acf_changed":false,"inline_featured_image":false,"footnotes":""},"class_list":["post-373","page","type-page","status-publish","hentry"],"acf":[],"yoast_head":"<!-- This site is optimized with the Yoast SEO plugin v27.5 - https:\/\/yoast.com\/product\/yoast-seo-wordpress\/ -->\n<title>Contact - Perennial<\/title>\n<meta name=\"robots\" content=\"index, follow, max-snippet:-1, max-image-preview:large, max-video-preview:-1\" \/>\n<link rel=\"canonical\" href=\"https:\/\/perennial.ch\/en\/per-contact\/\" \/>\n<meta property=\"og:locale\" content=\"en_GB\" \/>\n<meta property=\"og:type\" content=\"article\" \/>\n<meta property=\"og:title\" content=\"Contact - Perennial\" \/>\n<meta property=\"og:description\" content=\"nous contacter chaque entreprise doit g\u00e9rer une situation propre et personnelle. Votre \u00e9quipe Perennial vous guide, g\u00e8re et vous conseille lors de toute d\u00e9marche efficiente aux b\u00e9n\u00e9fice de votre organisation. Web Site Nom Email Num\u00e9ro de t\u00e9l\u00e9phone Votre Message Mentions L\u00e9gales La base de notre philosophie est la p\u00e9rennisation de vos gains et la consolidation [&hellip;]\" \/>\n<meta property=\"og:url\" content=\"https:\/\/perennial.ch\/en\/per-contact\/\" \/>\n<meta property=\"og:site_name\" content=\"Perennial\" \/>\n<meta property=\"article:modified_time\" content=\"2025-02-14T09:42:12+00:00\" \/>\n<meta property=\"og:image\" content=\"https:\/\/perennial.ch\/wp-content\/uploads\/2024\/11\/RZ_Howden_Perennial_Logo_untereinander.png\" \/>\n\t<meta property=\"og:image:width\" content=\"1417\" \/>\n\t<meta property=\"og:image:height\" content=\"612\" \/>\n\t<meta property=\"og:image:type\" content=\"image\/png\" \/>\n<meta name=\"twitter:card\" content=\"summary_large_image\" \/>\n<meta name=\"twitter:label1\" content=\"Estimated reading time\" \/>\n\t<meta name=\"twitter:data1\" content=\"1 minute\" \/>\n<script type=\"application\/ld+json\" class=\"yoast-schema-graph\">{\"@context\":\"https:\\\/\\\/schema.org\",\"@graph\":[{\"@type\":\"WebPage\",\"@id\":\"https:\\\/\\\/perennial.ch\\\/per-contact\\\/\",\"url\":\"https:\\\/\\\/perennial.ch\\\/per-contact\\\/\",\"name\":\"Contact - Perennial\",\"isPartOf\":{\"@id\":\"https:\\\/\\\/perennial.ch\\\/#website\"},\"datePublished\":\"2021-11-03T08:33:57+00:00\",\"dateModified\":\"2025-02-14T09:42:12+00:00\",\"breadcrumb\":{\"@id\":\"https:\\\/\\\/perennial.ch\\\/per-contact\\\/#breadcrumb\"},\"inLanguage\":\"en-GB\",\"potentialAction\":[{\"@type\":\"ReadAction\",\"target\":[\"https:\\\/\\\/perennial.ch\\\/per-contact\\\/\"]}]},{\"@type\":\"BreadcrumbList\",\"@id\":\"https:\\\/\\\/perennial.ch\\\/per-contact\\\/#breadcrumb\",\"itemListElement\":[{\"@type\":\"ListItem\",\"position\":1,\"name\":\"Home\",\"item\":\"https:\\\/\\\/perennial.ch\\\/\"},{\"@type\":\"ListItem\",\"position\":2,\"name\":\"Contact\"}]},{\"@type\":\"WebSite\",\"@id\":\"https:\\\/\\\/perennial.ch\\\/#website\",\"url\":\"https:\\\/\\\/perennial.ch\\\/\",\"name\":\"PERENNIAL SA\",\"description\":\"P\u00e9renniser vos acquis par des actes cr\u00e9ateurs de valeur\",\"publisher\":{\"@id\":\"https:\\\/\\\/perennial.ch\\\/#organization\"},\"potentialAction\":[{\"@type\":\"SearchAction\",\"target\":{\"@type\":\"EntryPoint\",\"urlTemplate\":\"https:\\\/\\\/perennial.ch\\\/?s={search_term_string}\"},\"query-input\":{\"@type\":\"PropertyValueSpecification\",\"valueRequired\":true,\"valueName\":\"search_term_string\"}}],\"inLanguage\":\"en-GB\"},{\"@type\":\"Organization\",\"@id\":\"https:\\\/\\\/perennial.ch\\\/#organization\",\"name\":\"PERENNIAL SA\",\"url\":\"https:\\\/\\\/perennial.ch\\\/\",\"logo\":{\"@type\":\"ImageObject\",\"inLanguage\":\"en-GB\",\"@id\":\"https:\\\/\\\/perennial.ch\\\/#\\\/schema\\\/logo\\\/image\\\/\",\"url\":\"https:\\\/\\\/perennial.ch\\\/wp-content\\\/uploads\\\/2021\\\/11\\\/cropped-logo-perennial-vector.png\",\"contentUrl\":\"https:\\\/\\\/perennial.ch\\\/wp-content\\\/uploads\\\/2021\\\/11\\\/cropped-logo-perennial-vector.png\",\"width\":1541,\"height\":470,\"caption\":\"PERENNIAL SA\"},\"image\":{\"@id\":\"https:\\\/\\\/perennial.ch\\\/#\\\/schema\\\/logo\\\/image\\\/\"}}]}<\/script>\n<!-- \/ Yoast SEO plugin. -->","yoast_head_json":{"title":"Contact - Perennial","robots":{"index":"index","follow":"follow","max-snippet":"max-snippet:-1","max-image-preview":"max-image-preview:large","max-video-preview":"max-video-preview:-1"},"canonical":"https:\/\/perennial.ch\/en\/per-contact\/","og_locale":"en_GB","og_type":"article","og_title":"Contact - Perennial","og_description":"nous contacter chaque entreprise doit g\u00e9rer une situation propre et personnelle. Votre \u00e9quipe Perennial vous guide, g\u00e8re et vous conseille lors de toute d\u00e9marche efficiente aux b\u00e9n\u00e9fice de votre organisation. Web Site Nom Email Num\u00e9ro de t\u00e9l\u00e9phone Votre Message Mentions L\u00e9gales La base de notre philosophie est la p\u00e9rennisation de vos gains et la consolidation [&hellip;]","og_url":"https:\/\/perennial.ch\/en\/per-contact\/","og_site_name":"Perennial","article_modified_time":"2025-02-14T09:42:12+00:00","og_image":[{"width":1417,"height":612,"url":"https:\/\/perennial.ch\/wp-content\/uploads\/2024\/11\/RZ_Howden_Perennial_Logo_untereinander.png","type":"image\/png"}],"twitter_card":"summary_large_image","twitter_misc":{"Estimated reading time":"1 minute"},"schema":{"@context":"https:\/\/schema.org","@graph":[{"@type":"WebPage","@id":"https:\/\/perennial.ch\/per-contact\/","url":"https:\/\/perennial.ch\/per-contact\/","name":"Contact - Perennial","isPartOf":{"@id":"https:\/\/perennial.ch\/#website"},"datePublished":"2021-11-03T08:33:57+00:00","dateModified":"2025-02-14T09:42:12+00:00","breadcrumb":{"@id":"https:\/\/perennial.ch\/per-contact\/#breadcrumb"},"inLanguage":"en-GB","potentialAction":[{"@type":"ReadAction","target":["https:\/\/perennial.ch\/per-contact\/"]}]},{"@type":"BreadcrumbList","@id":"https:\/\/perennial.ch\/per-contact\/#breadcrumb","itemListElement":[{"@type":"ListItem","position":1,"name":"Home","item":"https:\/\/perennial.ch\/"},{"@type":"ListItem","position":2,"name":"Contact"}]},{"@type":"WebSite","@id":"https:\/\/perennial.ch\/#website","url":"https:\/\/perennial.ch\/","name":"PERENNIAL SA","description":"Sustaining your achievements through actions that create value","publisher":{"@id":"https:\/\/perennial.ch\/#organization"},"potentialAction":[{"@type":"SearchAction","target":{"@type":"EntryPoint","urlTemplate":"https:\/\/perennial.ch\/?s={search_term_string}"},"query-input":{"@type":"PropertyValueSpecification","valueRequired":true,"valueName":"search_term_string"}}],"inLanguage":"en-GB"},{"@type":"Organization","@id":"https:\/\/perennial.ch\/#organization","name":"PERENNIAL SA","url":"https:\/\/perennial.ch\/","logo":{"@type":"ImageObject","inLanguage":"en-GB","@id":"https:\/\/perennial.ch\/#\/schema\/logo\/image\/","url":"https:\/\/perennial.ch\/wp-content\/uploads\/2021\/11\/cropped-logo-perennial-vector.png","contentUrl":"https:\/\/perennial.ch\/wp-content\/uploads\/2021\/11\/cropped-logo-perennial-vector.png","width":1541,"height":470,"caption":"PERENNIAL SA"},"image":{"@id":"https:\/\/perennial.ch\/#\/schema\/logo\/image\/"}}]}},"_links":{"self":[{"href":"https:\/\/perennial.ch\/en\/wp-json\/wp\/v2\/pages\/373","targetHints":{"allow":["GET"]}}],"collection":[{"href":"https:\/\/perennial.ch\/en\/wp-json\/wp\/v2\/pages"}],"about":[{"href":"https:\/\/perennial.ch\/en\/wp-json\/wp\/v2\/types\/page"}],"author":[{"embeddable":true,"href":"https:\/\/perennial.ch\/en\/wp-json\/wp\/v2\/users\/7"}],"replies":[{"embeddable":true,"href":"https:\/\/perennial.ch\/en\/wp-json\/wp\/v2\/comments?post=373"}],"version-history":[{"count":1,"href":"https:\/\/perennial.ch\/en\/wp-json\/wp\/v2\/pages\/373\/revisions"}],"predecessor-version":[{"id":6335,"href":"https:\/\/perennial.ch\/en\/wp-json\/wp\/v2\/pages\/373\/revisions\/6335"}],"wp:attachment":[{"href":"https:\/\/perennial.ch\/en\/wp-json\/wp\/v2\/media?parent=373"}],"curies":[{"name":"wp","href":"https:\/\/api.w.org\/{rel}","templated":true}]}}