{"id":390,"date":"2021-11-03T08:48:22","date_gmt":"2021-11-03T08:48:22","guid":{"rendered":"https:\/\/ffqibmskv.preview.infomaniak.website\/?page_id=390"},"modified":"2024-11-25T12:53:19","modified_gmt":"2024-11-25T12:53:19","slug":"sponsoring","status":"publish","type":"page","link":"https:\/\/perennial.ch\/en\/sponsoring\/","title":{"rendered":"Sponsorship"},"content":{"rendered":"<div data-elementor-type=\"wp-page\" data-elementor-id=\"390\" class=\"elementor elementor-390\" data-elementor-post-type=\"page\">\n\t\t\t\t\t\t<section class=\"elementor-section elementor-top-section elementor-element elementor-element-9c0a9fd elementor-section-boxed elementor-section-height-default elementor-section-height-default\" data-id=\"9c0a9fd\" data-element_type=\"section\" data-e-type=\"section\" data-settings=\"{&quot;background_background&quot;:&quot;classic&quot;}\">\n\t\t\t\t\t\t\t<div class=\"elementor-background-overlay\"><\/div>\n\t\t\t\t\t\t\t<div class=\"elementor-container elementor-column-gap-default\">\n\t\t\t\t\t<div class=\"elementor-column elementor-col-100 elementor-top-column elementor-element elementor-element-cea8efa\" data-id=\"cea8efa\" data-element_type=\"column\" data-e-type=\"column\">\n\t\t\t<div class=\"elementor-widget-wrap elementor-element-populated\">\n\t\t\t\t\t\t<div class=\"elementor-element elementor-element-b53f1c9 elementor-widget elementor-widget-heading\" data-id=\"b53f1c9\" data-element_type=\"widget\" data-e-type=\"widget\" data-widget_type=\"heading.default\">\n\t\t\t\t\t<h2 class=\"elementor-heading-title elementor-size-default\">sponsorship<\/h2>\t\t\t\t<\/div>\n\t\t\t\t<div class=\"elementor-element elementor-element-7ff47b1 elementor-widget elementor-widget-heading\" data-id=\"7ff47b1\" data-element_type=\"widget\" data-e-type=\"widget\" data-widget_type=\"heading.default\">\n\t\t\t\t\t<h3 class=\"elementor-heading-title elementor-size-default\">Perennial is very proud to support the following people and projects year round.<\/h3>\t\t\t\t<\/div>\n\t\t\t\t\t<\/div>\n\t\t<\/div>\n\t\t\t\t\t<\/div>\n\t\t<\/section>\n\t\t\t\t<section class=\"elementor-section elementor-top-section elementor-element elementor-element-e7d069a elementor-section-boxed elementor-section-height-default elementor-section-height-default\" data-id=\"e7d069a\" data-element_type=\"section\" data-e-type=\"section\">\n\t\t\t\t\t\t<div class=\"elementor-container elementor-column-gap-default\">\n\t\t\t\t\t<div class=\"elementor-column elementor-col-100 elementor-top-column elementor-element elementor-element-e303c7c\" data-id=\"e303c7c\" data-element_type=\"column\" data-e-type=\"column\">\n\t\t\t<div class=\"elementor-widget-wrap elementor-element-populated\">\n\t\t\t\t\t\t<div class=\"elementor-element elementor-element-559e7ca elementor-widget elementor-widget-heading\" data-id=\"559e7ca\" data-element_type=\"widget\" data-e-type=\"widget\" data-widget_type=\"heading.default\">\n\t\t\t\t\t<h2 class=\"elementor-heading-title elementor-size-default\">SPONSORSHIP<\/h2>\t\t\t\t<\/div>\n\t\t\t\t<section class=\"elementor-section elementor-inner-section elementor-element elementor-element-bdb7fc1 elementor-section-boxed elementor-section-height-default elementor-section-height-default\" data-id=\"bdb7fc1\" data-element_type=\"section\" data-e-type=\"section\">\n\t\t\t\t\t\t<div class=\"elementor-container elementor-column-gap-default\">\n\t\t\t\t\t<div class=\"elementor-column elementor-col-50 elementor-inner-column elementor-element elementor-element-29c6326\" data-id=\"29c6326\" data-element_type=\"column\" data-e-type=\"column\">\n\t\t\t<div class=\"elementor-widget-wrap elementor-element-populated\">\n\t\t\t\t\t\t<div class=\"elementor-element elementor-element-6385ebf elementor-widget elementor-widget-image\" data-id=\"6385ebf\" data-element_type=\"widget\" data-e-type=\"widget\" data-widget_type=\"image.default\">\n\t\t\t\t\t\t\t\t\t\t\t\t\t\t\t\t<a href=\"https:\/\/perennial.ch\/en\/melody\/\">\n\t\t\t\t\t\t\t<img decoding=\"async\" src=\"https:\/\/perennial.ch\/wp-content\/uploads\/elementor\/thumbs\/2a5609_88d5b32648cb4ff3aa2db5a86da1db6f_mv2-pg9ba97ilb1lrpmsxabcdh8fvndae3570uulbcbpyk.jpg\" title=\"2a5609_88d5b32648cb4ff3aa2db5a86da1db6f_mv2\" alt=\"2a5609_88d5b32648cb4ff3aa2db5a86da1db6f_mv2\" class=\"elementor-animation-float\" loading=\"lazy\" \/>\t\t\t\t\t\t\t\t<\/a>\n\t\t\t\t\t\t\t\t\t\t\t\t\t\t\t<\/div>\n\t\t\t\t<div class=\"elementor-element elementor-element-a2039bd elementor-widget elementor-widget-heading\" data-id=\"a2039bd\" data-element_type=\"widget\" data-e-type=\"widget\" data-widget_type=\"heading.default\">\n\t\t\t\t\t<h2 class=\"elementor-heading-title elementor-size-default\">M\u00c9LODY JOHNER<\/h2>\t\t\t\t<\/div>\n\t\t\t\t<div class=\"elementor-element elementor-element-06e1a8e elementor-align-center elementor-widget elementor-widget-button\" data-id=\"06e1a8e\" data-element_type=\"widget\" data-e-type=\"widget\" data-widget_type=\"button.default\">\n\t\t\t\t\t\t\t\t\t\t<a class=\"elementor-button elementor-button-link elementor-size-sm elementor-animation-shrink\" href=\"https:\/\/perennial.ch\/en\/melody\/\">\n\t\t\t\t\t\t<span class=\"elementor-button-content-wrapper\">\n\t\t\t\t\t\t\t\t\t<span class=\"elementor-button-text\">Discover Melody here<\/span>\n\t\t\t\t\t<\/span>\n\t\t\t\t\t<\/a>\n\t\t\t\t\t\t\t\t<\/div>\n\t\t\t\t\t<\/div>\n\t\t<\/div>\n\t\t\t\t<div class=\"elementor-column elementor-col-50 elementor-inner-column elementor-element elementor-element-4918597\" data-id=\"4918597\" data-element_type=\"column\" data-e-type=\"column\">\n\t\t\t<div class=\"elementor-widget-wrap elementor-element-populated\">\n\t\t\t\t\t\t<div class=\"elementor-element elementor-element-314e20f elementor-widget elementor-widget-image\" data-id=\"314e20f\" data-element_type=\"widget\" data-e-type=\"widget\" data-widget_type=\"image.default\">\n\t\t\t\t\t\t\t\t\t\t\t\t\t\t\t\t<a href=\"https:\/\/perennial.ch\/en\/les-miels-de-stephanie\/\">\n\t\t\t\t\t\t\t<img decoding=\"async\" src=\"https:\/\/perennial.ch\/wp-content\/uploads\/elementor\/thumbs\/vi-fine_bouche-e1731923607370-qx8fftx8vwnfzze5vt6e0vsvs181o6h0fu4wwcdmp8.jpg\" title=\"vi-fine_mouth\" alt=\"vi-fine_bouche\" class=\"elementor-animation-float\" loading=\"lazy\" \/>\t\t\t\t\t\t\t\t<\/a>\n\t\t\t\t\t\t\t\t\t\t\t\t\t\t\t<\/div>\n\t\t\t\t<div class=\"elementor-element elementor-element-8e742be elementor-widget elementor-widget-heading\" data-id=\"8e742be\" data-element_type=\"widget\" data-e-type=\"widget\" data-widget_type=\"heading.default\">\n\t\t\t\t\t<h2 class=\"elementor-heading-title elementor-size-default\">St\u00e9phanie's honeys<\/h2>\t\t\t\t<\/div>\n\t\t\t\t<div class=\"elementor-element elementor-element-04f05e9 elementor-align-center elementor-widget elementor-widget-button\" data-id=\"04f05e9\" data-element_type=\"widget\" data-e-type=\"widget\" data-widget_type=\"button.default\">\n\t\t\t\t\t\t\t\t\t\t<a class=\"elementor-button elementor-button-link elementor-size-sm elementor-animation-shrink\" href=\"https:\/\/perennial.ch\/en\/les-miels-de-stephanie\/\">\n\t\t\t\t\t\t<span class=\"elementor-button-content-wrapper\">\n\t\t\t\t\t\t\t\t\t<span class=\"elementor-button-text\">Discover Les Miels here<\/span>\n\t\t\t\t\t<\/span>\n\t\t\t\t\t<\/a>\n\t\t\t\t\t\t\t\t<\/div>\n\t\t\t\t\t<\/div>\n\t\t<\/div>\n\t\t\t\t\t<\/div>\n\t\t<\/section>\n\t\t\t\t\t<\/div>\n\t\t<\/div>\n\t\t\t\t\t<\/div>\n\t\t<\/section>\n\t\t\t\t<\/div>","protected":false},"excerpt":{"rendered":"<p>sponsorship Perennial is very proud to support the people and projects below, all year round. SPONSORSHIP M\u00c9LODY JOHNER Discover M\u00e9lody here Les miels de st\u00e9phanie Discover Les Miels here<\/p>","protected":false},"author":7,"featured_media":0,"parent":0,"menu_order":18,"comment_status":"closed","ping_status":"closed","template":"","meta":{"_acf_changed":false,"inline_featured_image":false,"footnotes":""},"class_list":["post-390","page","type-page","status-publish","hentry"],"acf":[],"yoast_head":"<!-- This site is optimized with the Yoast SEO plugin v27.4 - https:\/\/yoast.com\/product\/yoast-seo-wordpress\/ -->\n<title>Parrainage - Perennial<\/title>\n<meta name=\"robots\" content=\"index, follow, max-snippet:-1, max-image-preview:large, max-video-preview:-1\" \/>\n<link rel=\"canonical\" href=\"https:\/\/perennial.ch\/en\/sponsoring\/\" \/>\n<meta property=\"og:locale\" content=\"en_GB\" \/>\n<meta property=\"og:type\" content=\"article\" \/>\n<meta property=\"og:title\" content=\"Parrainage - Perennial\" \/>\n<meta property=\"og:description\" content=\"parrainage Perennial est tr\u00e8s fier de soutenir les personnes et projets ci-dessous, toute l&rsquo;ann\u00e9e. PARRAINAGE M\u00c9LODY JOHNER D\u00e9couvrez M\u00e9lody ici Les miels de st\u00e9phanie D\u00e9couvrez Les Miels ici\" \/>\n<meta property=\"og:url\" content=\"https:\/\/perennial.ch\/en\/sponsoring\/\" \/>\n<meta property=\"og:site_name\" content=\"Perennial\" \/>\n<meta property=\"article:modified_time\" content=\"2024-11-25T12:53:19+00:00\" \/>\n<meta property=\"og:image\" content=\"https:\/\/ffqibmskv.preview.infomaniak.website\/wp-content\/uploads\/elementor\/thumbs\/2a5609_88d5b32648cb4ff3aa2db5a86da1db6f_mv2-pg9ba97ilb1lrpmsxabcdh8fvndae3570uulbcbpyk.jpg\" \/>\n<meta name=\"twitter:card\" content=\"summary_large_image\" \/>\n<meta name=\"twitter:label1\" content=\"Estimated reading time\" \/>\n\t<meta name=\"twitter:data1\" content=\"1 minute\" \/>\n<script type=\"application\/ld+json\" class=\"yoast-schema-graph\">{\"@context\":\"https:\\\/\\\/schema.org\",\"@graph\":[{\"@type\":\"WebPage\",\"@id\":\"https:\\\/\\\/perennial.ch\\\/sponsoring\\\/\",\"url\":\"https:\\\/\\\/perennial.ch\\\/sponsoring\\\/\",\"name\":\"Parrainage - Perennial\",\"isPartOf\":{\"@id\":\"https:\\\/\\\/perennial.ch\\\/#website\"},\"primaryImageOfPage\":{\"@id\":\"https:\\\/\\\/perennial.ch\\\/sponsoring\\\/#primaryimage\"},\"image\":{\"@id\":\"https:\\\/\\\/perennial.ch\\\/sponsoring\\\/#primaryimage\"},\"thumbnailUrl\":\"https:\\\/\\\/ffqibmskv.preview.infomaniak.website\\\/wp-content\\\/uploads\\\/elementor\\\/thumbs\\\/2a5609_88d5b32648cb4ff3aa2db5a86da1db6f_mv2-pg9ba97ilb1lrpmsxabcdh8fvndae3570uulbcbpyk.jpg\",\"datePublished\":\"2021-11-03T08:48:22+00:00\",\"dateModified\":\"2024-11-25T12:53:19+00:00\",\"breadcrumb\":{\"@id\":\"https:\\\/\\\/perennial.ch\\\/sponsoring\\\/#breadcrumb\"},\"inLanguage\":\"en-GB\",\"potentialAction\":[{\"@type\":\"ReadAction\",\"target\":[\"https:\\\/\\\/perennial.ch\\\/sponsoring\\\/\"]}]},{\"@type\":\"ImageObject\",\"inLanguage\":\"en-GB\",\"@id\":\"https:\\\/\\\/perennial.ch\\\/sponsoring\\\/#primaryimage\",\"url\":\"https:\\\/\\\/ffqibmskv.preview.infomaniak.website\\\/wp-content\\\/uploads\\\/elementor\\\/thumbs\\\/2a5609_88d5b32648cb4ff3aa2db5a86da1db6f_mv2-pg9ba97ilb1lrpmsxabcdh8fvndae3570uulbcbpyk.jpg\",\"contentUrl\":\"https:\\\/\\\/ffqibmskv.preview.infomaniak.website\\\/wp-content\\\/uploads\\\/elementor\\\/thumbs\\\/2a5609_88d5b32648cb4ff3aa2db5a86da1db6f_mv2-pg9ba97ilb1lrpmsxabcdh8fvndae3570uulbcbpyk.jpg\"},{\"@type\":\"BreadcrumbList\",\"@id\":\"https:\\\/\\\/perennial.ch\\\/sponsoring\\\/#breadcrumb\",\"itemListElement\":[{\"@type\":\"ListItem\",\"position\":1,\"name\":\"Home\",\"item\":\"https:\\\/\\\/perennial.ch\\\/\"},{\"@type\":\"ListItem\",\"position\":2,\"name\":\"Parrainage\"}]},{\"@type\":\"WebSite\",\"@id\":\"https:\\\/\\\/perennial.ch\\\/#website\",\"url\":\"https:\\\/\\\/perennial.ch\\\/\",\"name\":\"PERENNIAL SA\",\"description\":\"P\u00e9renniser vos acquis par des actes cr\u00e9ateurs de valeur\",\"publisher\":{\"@id\":\"https:\\\/\\\/perennial.ch\\\/#organization\"},\"potentialAction\":[{\"@type\":\"SearchAction\",\"target\":{\"@type\":\"EntryPoint\",\"urlTemplate\":\"https:\\\/\\\/perennial.ch\\\/?s={search_term_string}\"},\"query-input\":{\"@type\":\"PropertyValueSpecification\",\"valueRequired\":true,\"valueName\":\"search_term_string\"}}],\"inLanguage\":\"en-GB\"},{\"@type\":\"Organization\",\"@id\":\"https:\\\/\\\/perennial.ch\\\/#organization\",\"name\":\"PERENNIAL SA\",\"url\":\"https:\\\/\\\/perennial.ch\\\/\",\"logo\":{\"@type\":\"ImageObject\",\"inLanguage\":\"en-GB\",\"@id\":\"https:\\\/\\\/perennial.ch\\\/#\\\/schema\\\/logo\\\/image\\\/\",\"url\":\"https:\\\/\\\/perennial.ch\\\/wp-content\\\/uploads\\\/2021\\\/11\\\/cropped-logo-perennial-vector.png\",\"contentUrl\":\"https:\\\/\\\/perennial.ch\\\/wp-content\\\/uploads\\\/2021\\\/11\\\/cropped-logo-perennial-vector.png\",\"width\":1541,\"height\":470,\"caption\":\"PERENNIAL SA\"},\"image\":{\"@id\":\"https:\\\/\\\/perennial.ch\\\/#\\\/schema\\\/logo\\\/image\\\/\"}}]}<\/script>\n<!-- \/ Yoast SEO plugin. -->","yoast_head_json":{"title":"Sponsorship - Perennial","robots":{"index":"index","follow":"follow","max-snippet":"max-snippet:-1","max-image-preview":"max-image-preview:large","max-video-preview":"max-video-preview:-1"},"canonical":"https:\/\/perennial.ch\/en\/sponsoring\/","og_locale":"en_GB","og_type":"article","og_title":"Parrainage - Perennial","og_description":"parrainage Perennial est tr\u00e8s fier de soutenir les personnes et projets ci-dessous, toute l&rsquo;ann\u00e9e. PARRAINAGE M\u00c9LODY JOHNER D\u00e9couvrez M\u00e9lody ici Les miels de st\u00e9phanie D\u00e9couvrez Les Miels ici","og_url":"https:\/\/perennial.ch\/en\/sponsoring\/","og_site_name":"Perennial","article_modified_time":"2024-11-25T12:53:19+00:00","og_image":[{"url":"https:\/\/ffqibmskv.preview.infomaniak.website\/wp-content\/uploads\/elementor\/thumbs\/2a5609_88d5b32648cb4ff3aa2db5a86da1db6f_mv2-pg9ba97ilb1lrpmsxabcdh8fvndae3570uulbcbpyk.jpg","type":"","width":"","height":""}],"twitter_card":"summary_large_image","twitter_misc":{"Estimated reading time":"1 minute"},"schema":{"@context":"https:\/\/schema.org","@graph":[{"@type":"WebPage","@id":"https:\/\/perennial.ch\/sponsoring\/","url":"https:\/\/perennial.ch\/sponsoring\/","name":"Sponsorship - Perennial","isPartOf":{"@id":"https:\/\/perennial.ch\/#website"},"primaryImageOfPage":{"@id":"https:\/\/perennial.ch\/sponsoring\/#primaryimage"},"image":{"@id":"https:\/\/perennial.ch\/sponsoring\/#primaryimage"},"thumbnailUrl":"https:\/\/ffqibmskv.preview.infomaniak.website\/wp-content\/uploads\/elementor\/thumbs\/2a5609_88d5b32648cb4ff3aa2db5a86da1db6f_mv2-pg9ba97ilb1lrpmsxabcdh8fvndae3570uulbcbpyk.jpg","datePublished":"2021-11-03T08:48:22+00:00","dateModified":"2024-11-25T12:53:19+00:00","breadcrumb":{"@id":"https:\/\/perennial.ch\/sponsoring\/#breadcrumb"},"inLanguage":"en-GB","potentialAction":[{"@type":"ReadAction","target":["https:\/\/perennial.ch\/sponsoring\/"]}]},{"@type":"ImageObject","inLanguage":"en-GB","@id":"https:\/\/perennial.ch\/sponsoring\/#primaryimage","url":"https:\/\/ffqibmskv.preview.infomaniak.website\/wp-content\/uploads\/elementor\/thumbs\/2a5609_88d5b32648cb4ff3aa2db5a86da1db6f_mv2-pg9ba97ilb1lrpmsxabcdh8fvndae3570uulbcbpyk.jpg","contentUrl":"https:\/\/ffqibmskv.preview.infomaniak.website\/wp-content\/uploads\/elementor\/thumbs\/2a5609_88d5b32648cb4ff3aa2db5a86da1db6f_mv2-pg9ba97ilb1lrpmsxabcdh8fvndae3570uulbcbpyk.jpg"},{"@type":"BreadcrumbList","@id":"https:\/\/perennial.ch\/sponsoring\/#breadcrumb","itemListElement":[{"@type":"ListItem","position":1,"name":"Home","item":"https:\/\/perennial.ch\/"},{"@type":"ListItem","position":2,"name":"Parrainage"}]},{"@type":"WebSite","@id":"https:\/\/perennial.ch\/#website","url":"https:\/\/perennial.ch\/","name":"PERENNIAL SA","description":"Sustaining your achievements through actions that create value","publisher":{"@id":"https:\/\/perennial.ch\/#organization"},"potentialAction":[{"@type":"SearchAction","target":{"@type":"EntryPoint","urlTemplate":"https:\/\/perennial.ch\/?s={search_term_string}"},"query-input":{"@type":"PropertyValueSpecification","valueRequired":true,"valueName":"search_term_string"}}],"inLanguage":"en-GB"},{"@type":"Organization","@id":"https:\/\/perennial.ch\/#organization","name":"PERENNIAL SA","url":"https:\/\/perennial.ch\/","logo":{"@type":"ImageObject","inLanguage":"en-GB","@id":"https:\/\/perennial.ch\/#\/schema\/logo\/image\/","url":"https:\/\/perennial.ch\/wp-content\/uploads\/2021\/11\/cropped-logo-perennial-vector.png","contentUrl":"https:\/\/perennial.ch\/wp-content\/uploads\/2021\/11\/cropped-logo-perennial-vector.png","width":1541,"height":470,"caption":"PERENNIAL SA"},"image":{"@id":"https:\/\/perennial.ch\/#\/schema\/logo\/image\/"}}]}},"_links":{"self":[{"href":"https:\/\/perennial.ch\/en\/wp-json\/wp\/v2\/pages\/390","targetHints":{"allow":["GET"]}}],"collection":[{"href":"https:\/\/perennial.ch\/en\/wp-json\/wp\/v2\/pages"}],"about":[{"href":"https:\/\/perennial.ch\/en\/wp-json\/wp\/v2\/types\/page"}],"author":[{"embeddable":true,"href":"https:\/\/perennial.ch\/en\/wp-json\/wp\/v2\/users\/7"}],"replies":[{"embeddable":true,"href":"https:\/\/perennial.ch\/en\/wp-json\/wp\/v2\/comments?post=390"}],"version-history":[{"count":0,"href":"https:\/\/perennial.ch\/en\/wp-json\/wp\/v2\/pages\/390\/revisions"}],"wp:attachment":[{"href":"https:\/\/perennial.ch\/en\/wp-json\/wp\/v2\/media?parent=390"}],"curies":[{"name":"wp","href":"https:\/\/api.w.org\/{rel}","templated":true}]}}