{"id":5362,"date":"2024-11-15T16:10:21","date_gmt":"2024-11-15T16:10:21","guid":{"rendered":"https:\/\/ffqibmskv.preview.infomaniak.website\/?page_id=5362"},"modified":"2024-11-25T16:33:01","modified_gmt":"2024-11-25T16:33:01","slug":"les-miels-de-stephanie","status":"publish","type":"page","link":"https:\/\/perennial.ch\/en\/les-miels-de-stephanie\/","title":{"rendered":"St\u00e9phanie's honeys"},"content":{"rendered":"<div data-elementor-type=\"wp-page\" data-elementor-id=\"5362\" class=\"elementor elementor-5362\" data-elementor-post-type=\"page\">\n\t\t\t\t\t\t<section class=\"elementor-section elementor-top-section elementor-element elementor-element-b5f24dd elementor-section-full_width elementor-section-height-default elementor-section-height-default\" data-id=\"b5f24dd\" data-element_type=\"section\" data-e-type=\"section\" data-settings=\"{&quot;background_background&quot;:&quot;classic&quot;}\">\n\t\t\t\t\t\t\t<div class=\"elementor-background-overlay\"><\/div>\n\t\t\t\t\t\t\t<div class=\"elementor-container elementor-column-gap-no\">\n\t\t\t\t\t<div class=\"elementor-column elementor-col-100 elementor-top-column elementor-element elementor-element-ac3d986\" data-id=\"ac3d986\" data-element_type=\"column\" data-e-type=\"column\">\n\t\t\t<div class=\"elementor-widget-wrap elementor-element-populated\">\n\t\t\t\t\t\t<div class=\"elementor-element elementor-element-6993b96 elementor-widget elementor-widget-heading\" data-id=\"6993b96\" data-element_type=\"widget\" data-e-type=\"widget\" data-widget_type=\"heading.default\">\n\t\t\t\t\t<p class=\"elementor-heading-title elementor-size-default\">St\u00e9phanie Vuadens<\/p>\t\t\t\t<\/div>\n\t\t\t\t<div class=\"elementor-element elementor-element-2beb706 elementor-widget elementor-widget-heading\" data-id=\"2beb706\" data-element_type=\"widget\" data-e-type=\"widget\" data-widget_type=\"heading.default\">\n\t\t\t\t\t<h2 class=\"elementor-heading-title elementor-size-default\">St\u00e9phanie's honeys<\/h2>\t\t\t\t<\/div>\n\t\t\t\t\t<\/div>\n\t\t<\/div>\n\t\t\t\t\t<\/div>\n\t\t<\/section>\n\t\t\t\t<section class=\"elementor-section elementor-top-section elementor-element elementor-element-398ab67 elementor-section-stretched elementor-section-boxed elementor-section-height-default elementor-section-height-default\" data-id=\"398ab67\" data-element_type=\"section\" data-e-type=\"section\" data-settings=\"{&quot;stretch_section&quot;:&quot;section-stretched&quot;}\">\n\t\t\t\t\t\t<div class=\"elementor-container elementor-column-gap-no\">\n\t\t\t\t\t<div class=\"elementor-column elementor-col-100 elementor-top-column elementor-element elementor-element-86c108b\" data-id=\"86c108b\" data-element_type=\"column\" data-e-type=\"column\">\n\t\t\t<div class=\"elementor-widget-wrap elementor-element-populated\">\n\t\t\t\t\t\t<div class=\"elementor-element elementor-element-291d212 elementor-widget elementor-widget-heading\" data-id=\"291d212\" data-element_type=\"widget\" data-e-type=\"widget\" data-widget_type=\"heading.default\">\n\t\t\t\t\t<h2 class=\"elementor-heading-title elementor-size-default\">st\u00e9phanie vuadens<\/h2>\t\t\t\t<\/div>\n\t\t\t\t<div class=\"elementor-element elementor-element-ca2dfe7 elementor-widget-divider--view-line elementor-widget elementor-widget-divider\" data-id=\"ca2dfe7\" data-element_type=\"widget\" data-e-type=\"widget\" data-widget_type=\"divider.default\">\n\t\t\t\t\t\t\t<div class=\"elementor-divider\">\n\t\t\t<span class=\"elementor-divider-separator\">\n\t\t\t\t\t\t<\/span>\n\t\t<\/div>\n\t\t\t\t\t\t<\/div>\n\t\t\t\t<div class=\"elementor-element elementor-element-c68353b elementor-widget elementor-widget-heading\" data-id=\"c68353b\" data-element_type=\"widget\" data-e-type=\"widget\" data-widget_type=\"heading.default\">\n\t\t\t\t\t<h3 class=\"elementor-heading-title elementor-size-default\">A committed beekeeper in Geneva for 10 years, her watchwords are: \u2018More than a job, a real mission: to protect our bees and preserve our ecosystem for the beauty and biodiversity of our countryside\u2019.<\/h3>\t\t\t\t<\/div>\n\t\t\t\t<div class=\"elementor-element elementor-element-b1e3ce4 elementor-widget elementor-widget-image\" data-id=\"b1e3ce4\" data-element_type=\"widget\" data-e-type=\"widget\" data-widget_type=\"image.default\">\n\t\t\t\t\t\t\t\t\t\t\t\t\t\t\t<img fetchpriority=\"high\" decoding=\"async\" width=\"800\" height=\"454\" src=\"https:\/\/perennial.ch\/wp-content\/uploads\/2021\/12\/2a5609_8381be432f1f400391219b95331ff4b7_mv2.webp\" class=\"attachment-large size-large wp-image-3176\" alt=\"\" srcset=\"https:\/\/perennial.ch\/wp-content\/uploads\/2021\/12\/2a5609_8381be432f1f400391219b95331ff4b7_mv2.webp 814w, https:\/\/perennial.ch\/wp-content\/uploads\/2021\/12\/2a5609_8381be432f1f400391219b95331ff4b7_mv2-300x170.webp 300w, https:\/\/perennial.ch\/wp-content\/uploads\/2021\/12\/2a5609_8381be432f1f400391219b95331ff4b7_mv2-768x436.webp 768w, https:\/\/perennial.ch\/wp-content\/uploads\/2021\/12\/2a5609_8381be432f1f400391219b95331ff4b7_mv2-18x10.webp 18w\" sizes=\"(max-width: 800px) 100vw, 800px\" \/>\t\t\t\t\t\t\t\t\t\t\t\t\t\t\t<\/div>\n\t\t\t\t<div class=\"elementor-element elementor-element-3b36169 elementor-widget elementor-widget-image\" data-id=\"3b36169\" data-element_type=\"widget\" data-e-type=\"widget\" data-widget_type=\"image.default\">\n\t\t\t\t\t\t\t\t\t\t\t\t\t\t\t<img decoding=\"async\" width=\"800\" height=\"671\" src=\"https:\/\/perennial.ch\/wp-content\/uploads\/2021\/12\/2a5609_c1cd599f0a7a44e38fc9460888b76aeb_mv2.webp\" class=\"attachment-large size-large wp-image-3177\" alt=\"\" srcset=\"https:\/\/perennial.ch\/wp-content\/uploads\/2021\/12\/2a5609_c1cd599f0a7a44e38fc9460888b76aeb_mv2.webp 814w, https:\/\/perennial.ch\/wp-content\/uploads\/2021\/12\/2a5609_c1cd599f0a7a44e38fc9460888b76aeb_mv2-300x252.webp 300w, https:\/\/perennial.ch\/wp-content\/uploads\/2021\/12\/2a5609_c1cd599f0a7a44e38fc9460888b76aeb_mv2-768x644.webp 768w, https:\/\/perennial.ch\/wp-content\/uploads\/2021\/12\/2a5609_c1cd599f0a7a44e38fc9460888b76aeb_mv2-14x12.webp 14w\" sizes=\"(max-width: 800px) 100vw, 800px\" \/>\t\t\t\t\t\t\t\t\t\t\t\t\t\t\t<\/div>\n\t\t\t\t\t<\/div>\n\t\t<\/div>\n\t\t\t\t\t<\/div>\n\t\t<\/section>\n\t\t\t\t<section class=\"elementor-section elementor-top-section elementor-element elementor-element-3621696 elementor-section-stretched elementor-section-boxed elementor-section-height-default elementor-section-height-default\" data-id=\"3621696\" data-element_type=\"section\" data-e-type=\"section\" data-settings=\"{&quot;stretch_section&quot;:&quot;section-stretched&quot;}\">\n\t\t\t\t\t\t<div class=\"elementor-container elementor-column-gap-no\">\n\t\t\t\t\t<div class=\"elementor-column elementor-col-100 elementor-top-column elementor-element elementor-element-7229ee1\" data-id=\"7229ee1\" data-element_type=\"column\" data-e-type=\"column\">\n\t\t\t<div class=\"elementor-widget-wrap elementor-element-populated\">\n\t\t\t\t\t\t<div class=\"elementor-element elementor-element-3e4c82f elementor-widget elementor-widget-heading\" data-id=\"3e4c82f\" data-element_type=\"widget\" data-e-type=\"widget\" data-widget_type=\"heading.default\">\n\t\t\t\t\t<h2 class=\"elementor-heading-title elementor-size-default\">Perennial is very proud to be a sponsor and to help St\u00e9phanie in her wonderful adventure.<\/span><\/h2>\t\t\t\t<\/div>\n\t\t\t\t\t<\/div>\n\t\t<\/div>\n\t\t\t\t\t<\/div>\n\t\t<\/section>\n\t\t\t\t<section class=\"elementor-section elementor-top-section elementor-element elementor-element-2e28d00 elementor-section-full_width elementor-section-height-default elementor-section-height-default\" data-id=\"2e28d00\" data-element_type=\"section\" data-e-type=\"section\">\n\t\t\t\t\t\t<div class=\"elementor-container elementor-column-gap-no\">\n\t\t\t\t\t<div class=\"elementor-column elementor-col-100 elementor-top-column elementor-element elementor-element-c343588\" data-id=\"c343588\" data-element_type=\"column\" data-e-type=\"column\">\n\t\t\t<div class=\"elementor-widget-wrap elementor-element-populated\">\n\t\t\t\t\t\t<section class=\"elementor-section elementor-inner-section elementor-element elementor-element-90d16fe elementor-section-boxed elementor-section-height-default elementor-section-height-default\" data-id=\"90d16fe\" data-element_type=\"section\" data-e-type=\"section\">\n\t\t\t\t\t\t<div class=\"elementor-container elementor-column-gap-default\">\n\t\t\t\t\t<div class=\"elementor-column elementor-col-100 elementor-inner-column elementor-element elementor-element-b89349a\" data-id=\"b89349a\" data-element_type=\"column\" data-e-type=\"column\">\n\t\t\t<div class=\"elementor-widget-wrap elementor-element-populated\">\n\t\t\t\t\t\t<div class=\"elementor-element elementor-element-0a0aaf1 elementor-widget elementor-widget-text-editor\" data-id=\"0a0aaf1\" data-element_type=\"widget\" data-e-type=\"widget\" data-widget_type=\"text-editor.default\">\n\t\t\t\t\t\t\t\t\t<p>Discover St\u00e9phanie's universe here: <a href=\"http:\/\/www.mieldestephanie.ch\/\" target=\"_blank\" rel=\"noopener noreferrer nofollow\" data-hook=\"WebLink\">http:\/\/www.mieldestephanie.ch\/<\/a><\/p>\t\t\t\t\t\t\t\t<\/div>\n\t\t\t\t<div class=\"elementor-element elementor-element-ad7a60b elementor-widget__width-initial elementor-widget elementor-widget-image\" data-id=\"ad7a60b\" data-element_type=\"widget\" data-e-type=\"widget\" data-widget_type=\"image.default\">\n\t\t\t\t\t\t\t\t\t\t\t\t\t\t\t<img decoding=\"async\" width=\"578\" height=\"289\" src=\"https:\/\/perennial.ch\/wp-content\/uploads\/2024\/11\/02_HP_2048x1024neu-2-578x289-1.jpg\" class=\"attachment-large size-large wp-image-5364\" alt=\"\" srcset=\"https:\/\/perennial.ch\/wp-content\/uploads\/2024\/11\/02_HP_2048x1024neu-2-578x289-1.jpg 578w, https:\/\/perennial.ch\/wp-content\/uploads\/2024\/11\/02_HP_2048x1024neu-2-578x289-1-300x150.jpg 300w, https:\/\/perennial.ch\/wp-content\/uploads\/2024\/11\/02_HP_2048x1024neu-2-578x289-1-18x9.jpg 18w\" sizes=\"(max-width: 578px) 100vw, 578px\" \/>\t\t\t\t\t\t\t\t\t\t\t\t\t\t\t<\/div>\n\t\t\t\t<section class=\"elementor-section elementor-inner-section elementor-element elementor-element-19d07b8 elementor-section-boxed elementor-section-height-default elementor-section-height-default\" data-id=\"19d07b8\" data-element_type=\"section\" data-e-type=\"section\">\n\t\t\t\t\t\t<div class=\"elementor-container elementor-column-gap-default\">\n\t\t\t\t\t<div class=\"elementor-column elementor-col-100 elementor-inner-column elementor-element elementor-element-508dc88\" data-id=\"508dc88\" data-element_type=\"column\" data-e-type=\"column\">\n\t\t\t<div class=\"elementor-widget-wrap\">\n\t\t\t\t\t\t\t<\/div>\n\t\t<\/div>\n\t\t\t\t\t<\/div>\n\t\t<\/section>\n\t\t\t\t\t<\/div>\n\t\t<\/div>\n\t\t\t\t\t<\/div>\n\t\t<\/section>\n\t\t\t\t\t<\/div>\n\t\t<\/div>\n\t\t\t\t\t<\/div>\n\t\t<\/section>\n\t\t\t\t<\/div>","protected":false},"excerpt":{"rendered":"<p>St\u00e9phanie Vuadens Les Miels de St\u00e9phanie st\u00e9phanie vuadens Apicultrice genevoise engag\u00e9e depuis 10 ans ses mots d&rsquo;ordres sont : \u00ab Plus qu\u2019un m\u00e9tier, une v\u00e9ritable mission : prot\u00e9ger nos abeilles et pr\u00e9server notre \u00e9cosyst\u00e8me pour la beaut\u00e9 et la biodiversit\u00e9 de nos campagnes. \u00bb Perennial est tr\u00e8s fiers d\u2019\u00eatre des parrains et ainsi d\u2019aider St\u00e9phanie [&hellip;]<\/p>\n","protected":false},"author":6,"featured_media":0,"parent":0,"menu_order":16,"comment_status":"closed","ping_status":"closed","template":"","meta":{"_acf_changed":false,"inline_featured_image":false,"footnotes":""},"class_list":["post-5362","page","type-page","status-publish","hentry"],"acf":[],"yoast_head":"<!-- This site is optimized with the Yoast SEO plugin v27.4 - https:\/\/yoast.com\/product\/yoast-seo-wordpress\/ -->\n<title>Les Miels de St\u00e9phanie - Perennial<\/title>\n<meta name=\"robots\" content=\"index, follow, max-snippet:-1, max-image-preview:large, max-video-preview:-1\" \/>\n<link rel=\"canonical\" href=\"https:\/\/perennial.ch\/en\/les-miels-de-stephanie\/\" \/>\n<meta property=\"og:locale\" content=\"en_GB\" \/>\n<meta property=\"og:type\" content=\"article\" \/>\n<meta property=\"og:title\" content=\"Les Miels de St\u00e9phanie - Perennial\" \/>\n<meta property=\"og:description\" content=\"St\u00e9phanie Vuadens Les Miels de St\u00e9phanie st\u00e9phanie vuadens Apicultrice genevoise engag\u00e9e depuis 10 ans ses mots d&rsquo;ordres sont : \u00ab Plus qu\u2019un m\u00e9tier, une v\u00e9ritable mission : prot\u00e9ger nos abeilles et pr\u00e9server notre \u00e9cosyst\u00e8me pour la beaut\u00e9 et la biodiversit\u00e9 de nos campagnes. \u00bb Perennial est tr\u00e8s fiers d\u2019\u00eatre des parrains et ainsi d\u2019aider St\u00e9phanie [&hellip;]\" \/>\n<meta property=\"og:url\" content=\"https:\/\/perennial.ch\/en\/les-miels-de-stephanie\/\" \/>\n<meta property=\"og:site_name\" content=\"Perennial\" \/>\n<meta property=\"article:modified_time\" content=\"2024-11-25T16:33:01+00:00\" \/>\n<meta property=\"og:image\" content=\"https:\/\/ffqibmskv.preview.infomaniak.website\/wp-content\/uploads\/2021\/12\/2a5609_8381be432f1f400391219b95331ff4b7_mv2.webp\" \/>\n<meta name=\"twitter:card\" content=\"summary_large_image\" \/>\n<meta name=\"twitter:label1\" content=\"Estimated reading time\" \/>\n\t<meta name=\"twitter:data1\" content=\"1 minute\" \/>\n<script type=\"application\/ld+json\" class=\"yoast-schema-graph\">{\"@context\":\"https:\\\/\\\/schema.org\",\"@graph\":[{\"@type\":\"WebPage\",\"@id\":\"https:\\\/\\\/perennial.ch\\\/les-miels-de-stephanie\\\/\",\"url\":\"https:\\\/\\\/perennial.ch\\\/les-miels-de-stephanie\\\/\",\"name\":\"Les Miels de St\u00e9phanie - Perennial\",\"isPartOf\":{\"@id\":\"https:\\\/\\\/perennial.ch\\\/#website\"},\"primaryImageOfPage\":{\"@id\":\"https:\\\/\\\/perennial.ch\\\/les-miels-de-stephanie\\\/#primaryimage\"},\"image\":{\"@id\":\"https:\\\/\\\/perennial.ch\\\/les-miels-de-stephanie\\\/#primaryimage\"},\"thumbnailUrl\":\"https:\\\/\\\/ffqibmskv.preview.infomaniak.website\\\/wp-content\\\/uploads\\\/2021\\\/12\\\/2a5609_8381be432f1f400391219b95331ff4b7_mv2.webp\",\"datePublished\":\"2024-11-15T16:10:21+00:00\",\"dateModified\":\"2024-11-25T16:33:01+00:00\",\"breadcrumb\":{\"@id\":\"https:\\\/\\\/perennial.ch\\\/les-miels-de-stephanie\\\/#breadcrumb\"},\"inLanguage\":\"en-GB\",\"potentialAction\":[{\"@type\":\"ReadAction\",\"target\":[\"https:\\\/\\\/perennial.ch\\\/les-miels-de-stephanie\\\/\"]}]},{\"@type\":\"ImageObject\",\"inLanguage\":\"en-GB\",\"@id\":\"https:\\\/\\\/perennial.ch\\\/les-miels-de-stephanie\\\/#primaryimage\",\"url\":\"https:\\\/\\\/ffqibmskv.preview.infomaniak.website\\\/wp-content\\\/uploads\\\/2021\\\/12\\\/2a5609_8381be432f1f400391219b95331ff4b7_mv2.webp\",\"contentUrl\":\"https:\\\/\\\/ffqibmskv.preview.infomaniak.website\\\/wp-content\\\/uploads\\\/2021\\\/12\\\/2a5609_8381be432f1f400391219b95331ff4b7_mv2.webp\"},{\"@type\":\"BreadcrumbList\",\"@id\":\"https:\\\/\\\/perennial.ch\\\/les-miels-de-stephanie\\\/#breadcrumb\",\"itemListElement\":[{\"@type\":\"ListItem\",\"position\":1,\"name\":\"Home\",\"item\":\"https:\\\/\\\/perennial.ch\\\/\"},{\"@type\":\"ListItem\",\"position\":2,\"name\":\"Les Miels de St\u00e9phanie\"}]},{\"@type\":\"WebSite\",\"@id\":\"https:\\\/\\\/perennial.ch\\\/#website\",\"url\":\"https:\\\/\\\/perennial.ch\\\/\",\"name\":\"PERENNIAL SA\",\"description\":\"P\u00e9renniser vos acquis par des actes cr\u00e9ateurs de valeur\",\"publisher\":{\"@id\":\"https:\\\/\\\/perennial.ch\\\/#organization\"},\"potentialAction\":[{\"@type\":\"SearchAction\",\"target\":{\"@type\":\"EntryPoint\",\"urlTemplate\":\"https:\\\/\\\/perennial.ch\\\/?s={search_term_string}\"},\"query-input\":{\"@type\":\"PropertyValueSpecification\",\"valueRequired\":true,\"valueName\":\"search_term_string\"}}],\"inLanguage\":\"en-GB\"},{\"@type\":\"Organization\",\"@id\":\"https:\\\/\\\/perennial.ch\\\/#organization\",\"name\":\"PERENNIAL SA\",\"url\":\"https:\\\/\\\/perennial.ch\\\/\",\"logo\":{\"@type\":\"ImageObject\",\"inLanguage\":\"en-GB\",\"@id\":\"https:\\\/\\\/perennial.ch\\\/#\\\/schema\\\/logo\\\/image\\\/\",\"url\":\"https:\\\/\\\/perennial.ch\\\/wp-content\\\/uploads\\\/2021\\\/11\\\/cropped-logo-perennial-vector.png\",\"contentUrl\":\"https:\\\/\\\/perennial.ch\\\/wp-content\\\/uploads\\\/2021\\\/11\\\/cropped-logo-perennial-vector.png\",\"width\":1541,\"height\":470,\"caption\":\"PERENNIAL SA\"},\"image\":{\"@id\":\"https:\\\/\\\/perennial.ch\\\/#\\\/schema\\\/logo\\\/image\\\/\"}}]}<\/script>\n<!-- \/ Yoast SEO plugin. -->","yoast_head_json":{"title":"Les Miels de St\u00e9phanie - Perennial","robots":{"index":"index","follow":"follow","max-snippet":"max-snippet:-1","max-image-preview":"max-image-preview:large","max-video-preview":"max-video-preview:-1"},"canonical":"https:\/\/perennial.ch\/en\/les-miels-de-stephanie\/","og_locale":"en_GB","og_type":"article","og_title":"Les Miels de St\u00e9phanie - Perennial","og_description":"St\u00e9phanie Vuadens Les Miels de St\u00e9phanie st\u00e9phanie vuadens Apicultrice genevoise engag\u00e9e depuis 10 ans ses mots d&rsquo;ordres sont : \u00ab Plus qu\u2019un m\u00e9tier, une v\u00e9ritable mission : prot\u00e9ger nos abeilles et pr\u00e9server notre \u00e9cosyst\u00e8me pour la beaut\u00e9 et la biodiversit\u00e9 de nos campagnes. \u00bb Perennial est tr\u00e8s fiers d\u2019\u00eatre des parrains et ainsi d\u2019aider St\u00e9phanie [&hellip;]","og_url":"https:\/\/perennial.ch\/en\/les-miels-de-stephanie\/","og_site_name":"Perennial","article_modified_time":"2024-11-25T16:33:01+00:00","og_image":[{"url":"https:\/\/ffqibmskv.preview.infomaniak.website\/wp-content\/uploads\/2021\/12\/2a5609_8381be432f1f400391219b95331ff4b7_mv2.webp","type":"","width":"","height":""}],"twitter_card":"summary_large_image","twitter_misc":{"Estimated reading time":"1 minute"},"schema":{"@context":"https:\/\/schema.org","@graph":[{"@type":"WebPage","@id":"https:\/\/perennial.ch\/les-miels-de-stephanie\/","url":"https:\/\/perennial.ch\/les-miels-de-stephanie\/","name":"Les Miels de St\u00e9phanie - Perennial","isPartOf":{"@id":"https:\/\/perennial.ch\/#website"},"primaryImageOfPage":{"@id":"https:\/\/perennial.ch\/les-miels-de-stephanie\/#primaryimage"},"image":{"@id":"https:\/\/perennial.ch\/les-miels-de-stephanie\/#primaryimage"},"thumbnailUrl":"https:\/\/ffqibmskv.preview.infomaniak.website\/wp-content\/uploads\/2021\/12\/2a5609_8381be432f1f400391219b95331ff4b7_mv2.webp","datePublished":"2024-11-15T16:10:21+00:00","dateModified":"2024-11-25T16:33:01+00:00","breadcrumb":{"@id":"https:\/\/perennial.ch\/les-miels-de-stephanie\/#breadcrumb"},"inLanguage":"en-GB","potentialAction":[{"@type":"ReadAction","target":["https:\/\/perennial.ch\/les-miels-de-stephanie\/"]}]},{"@type":"ImageObject","inLanguage":"en-GB","@id":"https:\/\/perennial.ch\/les-miels-de-stephanie\/#primaryimage","url":"https:\/\/ffqibmskv.preview.infomaniak.website\/wp-content\/uploads\/2021\/12\/2a5609_8381be432f1f400391219b95331ff4b7_mv2.webp","contentUrl":"https:\/\/ffqibmskv.preview.infomaniak.website\/wp-content\/uploads\/2021\/12\/2a5609_8381be432f1f400391219b95331ff4b7_mv2.webp"},{"@type":"BreadcrumbList","@id":"https:\/\/perennial.ch\/les-miels-de-stephanie\/#breadcrumb","itemListElement":[{"@type":"ListItem","position":1,"name":"Home","item":"https:\/\/perennial.ch\/"},{"@type":"ListItem","position":2,"name":"Les Miels de St\u00e9phanie"}]},{"@type":"WebSite","@id":"https:\/\/perennial.ch\/#website","url":"https:\/\/perennial.ch\/","name":"PERENNIAL SA","description":"Sustaining your achievements through actions that create value","publisher":{"@id":"https:\/\/perennial.ch\/#organization"},"potentialAction":[{"@type":"SearchAction","target":{"@type":"EntryPoint","urlTemplate":"https:\/\/perennial.ch\/?s={search_term_string}"},"query-input":{"@type":"PropertyValueSpecification","valueRequired":true,"valueName":"search_term_string"}}],"inLanguage":"en-GB"},{"@type":"Organization","@id":"https:\/\/perennial.ch\/#organization","name":"PERENNIAL SA","url":"https:\/\/perennial.ch\/","logo":{"@type":"ImageObject","inLanguage":"en-GB","@id":"https:\/\/perennial.ch\/#\/schema\/logo\/image\/","url":"https:\/\/perennial.ch\/wp-content\/uploads\/2021\/11\/cropped-logo-perennial-vector.png","contentUrl":"https:\/\/perennial.ch\/wp-content\/uploads\/2021\/11\/cropped-logo-perennial-vector.png","width":1541,"height":470,"caption":"PERENNIAL SA"},"image":{"@id":"https:\/\/perennial.ch\/#\/schema\/logo\/image\/"}}]}},"_links":{"self":[{"href":"https:\/\/perennial.ch\/en\/wp-json\/wp\/v2\/pages\/5362","targetHints":{"allow":["GET"]}}],"collection":[{"href":"https:\/\/perennial.ch\/en\/wp-json\/wp\/v2\/pages"}],"about":[{"href":"https:\/\/perennial.ch\/en\/wp-json\/wp\/v2\/types\/page"}],"author":[{"embeddable":true,"href":"https:\/\/perennial.ch\/en\/wp-json\/wp\/v2\/users\/6"}],"replies":[{"embeddable":true,"href":"https:\/\/perennial.ch\/en\/wp-json\/wp\/v2\/comments?post=5362"}],"version-history":[{"count":0,"href":"https:\/\/perennial.ch\/en\/wp-json\/wp\/v2\/pages\/5362\/revisions"}],"wp:attachment":[{"href":"https:\/\/perennial.ch\/en\/wp-json\/wp\/v2\/media?parent=5362"}],"curies":[{"name":"wp","href":"https:\/\/api.w.org\/{rel}","templated":true}]}}